{"id":11,"date":"2024-04-18T17:22:38","date_gmt":"2024-04-18T15:22:38","guid":{"rendered":"https:\/\/www.embonice.com\/?page_id=11"},"modified":"2025-02-18T10:51:57","modified_gmt":"2025-02-18T09:51:57","slug":"radiologie-interventionnelle-nice-saint-george-embolisation-prostate","status":"publish","type":"page","link":"https:\/\/www.embonice.com\/","title":{"rendered":"Accueil"},"content":{"rendered":"\t\t<div data-elementor-type=\"wp-page\" data-elementor-id=\"11\" class=\"elementor elementor-11\">\n\t\t\t\t<div class=\"elementor-element elementor-element-64fc187 e-con-full e-flex e-con e-parent\" data-id=\"64fc187\" data-element_type=\"container\">\n\t\t\t\t<div class=\"elementor-element elementor-element-138a0a5 elementor-widget elementor-widget-heading\" data-id=\"138a0a5\" data-element_type=\"widget\" data-widget_type=\"heading.default\">\n\t\t\t\t<div class=\"elementor-widget-container\">\n\t\t\t\t\t<h2 class=\"elementor-heading-title elementor-size-default\">Radiologie Interventionnelle <br>Groupe Azuradiologie<br>Nice<\/h2>\t\t\t\t<\/div>\n\t\t\t\t<\/div>\n\t\t<div class=\"elementor-element elementor-element-f51cdc3 e-con-full e-flex e-con e-child\" data-id=\"f51cdc3\" data-element_type=\"container\">\n\t\t\t\t<\/div>\n\t\t\t\t<div class=\"elementor-element elementor-element-d5acce5 elementor-widget elementor-widget-text-editor\" data-id=\"d5acce5\" data-element_type=\"widget\" data-widget_type=\"text-editor.default\">\n\t\t\t\t<div class=\"elementor-widget-container\">\n\t\t\t\t\t\t\t\t\t<p><span style=\"font-size: 14px; color: var( --e-global-color-text );\">Bienvenue sur la page d&rsquo;information sur la Radiologie Interventionnelle du groupe de Radiologues Azuradiologie de Nice.<\/span><\/p><p><b>!!!\u00a0 Site en construction !!!<\/b><\/p>\t\t\t\t\t\t\t\t<\/div>\n\t\t\t\t<\/div>\n\t\t<div class=\"elementor-element elementor-element-4ac33f3 e-con-full e-flex e-con e-child\" data-id=\"4ac33f3\" data-element_type=\"container\">\n\t\t\t\t<div class=\"elementor-element elementor-element-ad6e884 elementor-widget elementor-widget-image\" data-id=\"ad6e884\" data-element_type=\"widget\" data-widget_type=\"image.default\">\n\t\t\t\t<div class=\"elementor-widget-container\">\n\t\t\t\t\t\t\t\t\t\t\t\t\t\t\t<img decoding=\"async\" width=\"300\" height=\"97\" src=\"https:\/\/www.embonice.com\/wp-content\/uploads\/2024\/04\/Capture-decran-2024-04-10-220126-1-300x97.png\" class=\"attachment-medium size-medium wp-image-178\" alt=\"\" srcset=\"https:\/\/www.embonice.com\/wp-content\/uploads\/2024\/04\/Capture-decran-2024-04-10-220126-1-300x97.png 300w, https:\/\/www.embonice.com\/wp-content\/uploads\/2024\/04\/Capture-decran-2024-04-10-220126-1-768x248.png 768w, https:\/\/www.embonice.com\/wp-content\/uploads\/2024\/04\/Capture-decran-2024-04-10-220126-1.png 892w\" sizes=\"(max-width: 300px) 100vw, 300px\" \/>\t\t\t\t\t\t\t\t\t\t\t\t\t\t\t<\/div>\n\t\t\t\t<\/div>\n\t\t\t\t<div class=\"elementor-element elementor-element-05bad7d elementor-widget elementor-widget-image\" data-id=\"05bad7d\" data-element_type=\"widget\" data-widget_type=\"image.default\">\n\t\t\t\t<div class=\"elementor-widget-container\">\n\t\t\t\t\t\t\t\t\t\t\t\t\t\t\t<img fetchpriority=\"high\" decoding=\"async\" width=\"1024\" height=\"768\" src=\"https:\/\/www.embonice.com\/wp-content\/uploads\/2025\/02\/IMG_3921-1024x768.jpeg\" class=\"attachment-large size-large wp-image-485\" alt=\"\" srcset=\"https:\/\/www.embonice.com\/wp-content\/uploads\/2025\/02\/IMG_3921-1024x768.jpeg 1024w, https:\/\/www.embonice.com\/wp-content\/uploads\/2025\/02\/IMG_3921-300x225.jpeg 300w, https:\/\/www.embonice.com\/wp-content\/uploads\/2025\/02\/IMG_3921-768x576.jpeg 768w, https:\/\/www.embonice.com\/wp-content\/uploads\/2025\/02\/IMG_3921-1536x1152.jpeg 1536w, https:\/\/www.embonice.com\/wp-content\/uploads\/2025\/02\/IMG_3921-2048x1536.jpeg 2048w\" sizes=\"(max-width: 1024px) 100vw, 1024px\" \/>\t\t\t\t\t\t\t\t\t\t\t\t\t\t\t<\/div>\n\t\t\t\t<\/div>\n\t\t\t\t<\/div>\n\t\t\t\t<\/div>\n\t\t<div class=\"elementor-element elementor-element-75ad7df e-flex e-con-boxed e-con e-parent\" data-id=\"75ad7df\" data-element_type=\"container\">\n\t\t\t\t\t<div class=\"e-con-inner\">\n\t\t<div class=\"elementor-element elementor-element-e3f21d4 e-con-full e-flex e-con e-child\" data-id=\"e3f21d4\" data-element_type=\"container\">\n\t\t\t\t<div class=\"elementor-element elementor-element-4e3c80a elementor-widget elementor-widget-image\" data-id=\"4e3c80a\" data-element_type=\"widget\" data-widget_type=\"image.default\">\n\t\t\t\t<div class=\"elementor-widget-container\">\n\t\t\t\t\t\t\t\t\t\t\t\t\t\t\t\t<a href=\"https:\/\/kantys.org\/\">\n\t\t\t\t\t\t\t<img decoding=\"async\" width=\"300\" height=\"138\" src=\"https:\/\/www.embonice.com\/wp-content\/uploads\/2024\/04\/logoSTG-300x138.png\" class=\"attachment-medium size-medium wp-image-447\" alt=\"\" srcset=\"https:\/\/www.embonice.com\/wp-content\/uploads\/2024\/04\/logoSTG-300x138.png 300w, https:\/\/www.embonice.com\/wp-content\/uploads\/2024\/04\/logoSTG-768x352.png 768w, https:\/\/www.embonice.com\/wp-content\/uploads\/2024\/04\/logoSTG.png 776w\" sizes=\"(max-width: 300px) 100vw, 300px\" \/>\t\t\t\t\t\t\t\t<\/a>\n\t\t\t\t\t\t\t\t\t\t\t\t\t\t\t<\/div>\n\t\t\t\t<\/div>\n\t\t\t\t<\/div>\n\t\t<div class=\"elementor-element elementor-element-d67c5a8 e-con-full e-flex e-con e-child\" data-id=\"d67c5a8\" data-element_type=\"container\">\n\t\t\t\t<div class=\"elementor-element elementor-element-8da1ebd elementor-widget elementor-widget-heading\" data-id=\"8da1ebd\" data-element_type=\"widget\" data-widget_type=\"heading.default\">\n\t\t\t\t<div class=\"elementor-widget-container\">\n\t\t\t\t\t<h2 class=\"elementor-heading-title elementor-size-default\">Clinique Saint George <br>Kantys <br>Nice<\/h2>\t\t\t\t<\/div>\n\t\t\t\t<\/div>\n\t\t\t\t<\/div>\n\t\t\t\t<div class=\"elementor-element elementor-element-14ae65e elementor-widget elementor-widget-image\" data-id=\"14ae65e\" data-element_type=\"widget\" data-widget_type=\"image.default\">\n\t\t\t\t<div class=\"elementor-widget-container\">\n\t\t\t\t\t\t\t\t\t\t\t\t\t\t\t\t<a href=\"https:\/\/ick.fr\/\">\n\t\t\t\t\t\t\t<img loading=\"lazy\" decoding=\"async\" width=\"404\" height=\"172\" src=\"https:\/\/www.embonice.com\/wp-content\/uploads\/2024\/04\/ick.png\" class=\"attachment-large size-large wp-image-367\" alt=\"\" srcset=\"https:\/\/www.embonice.com\/wp-content\/uploads\/2024\/04\/ick.png 404w, https:\/\/www.embonice.com\/wp-content\/uploads\/2024\/04\/ick-300x128.png 300w\" sizes=\"(max-width: 404px) 100vw, 404px\" \/>\t\t\t\t\t\t\t\t<\/a>\n\t\t\t\t\t\t\t\t\t\t\t\t\t\t\t<\/div>\n\t\t\t\t<\/div>\n\t\t\t\t\t<\/div>\n\t\t\t\t<\/div>\n\t\t<div class=\"elementor-element elementor-element-0e8343e e-flex e-con-boxed e-con e-parent\" data-id=\"0e8343e\" data-element_type=\"container\">\n\t\t\t\t\t<div class=\"e-con-inner\">\n\t\t\t\t\t<\/div>\n\t\t\t\t<\/div>\n\t\t<div class=\"elementor-element elementor-element-50bc5966 e-con-full e-flex e-con e-parent\" data-id=\"50bc5966\" data-element_type=\"container\" data-settings=\"{&quot;background_background&quot;:&quot;classic&quot;}\">\n\t\t<div class=\"elementor-element elementor-element-1447d479 e-con-full e-flex e-con e-child\" data-id=\"1447d479\" data-element_type=\"container\">\n\t\t\t\t<div class=\"elementor-element elementor-element-563d6f8f elementor-widget elementor-widget-image\" data-id=\"563d6f8f\" data-element_type=\"widget\" data-widget_type=\"image.default\">\n\t\t\t\t<div class=\"elementor-widget-container\">\n\t\t\t\t\t\t\t\t\t\t\t\t\t\t\t\t<a href=\"https:\/\/www.clinique-saint-george.com\/la-clinique\/\">\n\t\t\t\t\t\t\t<img loading=\"lazy\" decoding=\"async\" width=\"1024\" height=\"767\" src=\"https:\/\/www.embonice.com\/wp-content\/uploads\/2024\/04\/b6-drone-clinique-st-charles-5-1024x767.jpg\" class=\"attachment-large size-large wp-image-165\" alt=\"\" srcset=\"https:\/\/www.embonice.com\/wp-content\/uploads\/2024\/04\/b6-drone-clinique-st-charles-5-1024x767.jpg 1024w, https:\/\/www.embonice.com\/wp-content\/uploads\/2024\/04\/b6-drone-clinique-st-charles-5-300x225.jpg 300w, https:\/\/www.embonice.com\/wp-content\/uploads\/2024\/04\/b6-drone-clinique-st-charles-5-768x575.jpg 768w, https:\/\/www.embonice.com\/wp-content\/uploads\/2024\/04\/b6-drone-clinique-st-charles-5.jpg 1500w\" sizes=\"(max-width: 1024px) 100vw, 1024px\" \/>\t\t\t\t\t\t\t\t<\/a>\n\t\t\t\t\t\t\t\t\t\t\t\t\t\t\t<\/div>\n\t\t\t\t<\/div>\n\t\t\t\t<\/div>\n\t\t<div class=\"elementor-element elementor-element-69bab1d0 e-con-full e-flex e-con e-child\" data-id=\"69bab1d0\" data-element_type=\"container\">\n\t\t\t\t<div class=\"elementor-element elementor-element-84d7f06 elementor-widget elementor-widget-heading\" data-id=\"84d7f06\" data-element_type=\"widget\" data-widget_type=\"heading.default\">\n\t\t\t\t<div class=\"elementor-widget-container\">\n\t\t\t\t\t<h2 class=\"elementor-heading-title elementor-size-default\">Localisation<\/h2>\t\t\t\t<\/div>\n\t\t\t\t<\/div>\n\t\t\t\t<div class=\"elementor-element elementor-element-6a674475 elementor-align-left elementor-icon-list--layout-traditional elementor-list-item-link-full_width elementor-widget elementor-widget-icon-list\" data-id=\"6a674475\" data-element_type=\"widget\" data-widget_type=\"icon-list.default\">\n\t\t\t\t<div class=\"elementor-widget-container\">\n\t\t\t\t\t\t\t<ul class=\"elementor-icon-list-items\">\n\t\t\t\t\t\t\t<li class=\"elementor-icon-list-item\">\n\t\t\t\t\t\t\t\t\t\t<span class=\"elementor-icon-list-text\"><b>Adresse :<\/b> <br>Service de Radiologie<br>Clinique Saint George Nice<br>Hall 3<br>2 avenue de Rimiez<br>06100 Nice<\/span>\n\t\t\t\t\t\t\t\t\t<\/li>\n\t\t\t\t\t\t\t\t<li class=\"elementor-icon-list-item\">\n\t\t\t\t\t\t\t\t\t\t<span class=\"elementor-icon-list-text\"><b>Heures :<\/b> <br>8h-20 h du lundi au vendredi<br>8h-13h le samedi<\/span>\n\t\t\t\t\t\t\t\t\t<\/li>\n\t\t\t\t\t\t\t\t<li class=\"elementor-icon-list-item\">\n\t\t\t\t\t\t\t\t\t\t<span class=\"elementor-icon-list-text\"><b>T\u00e9l\u00e9phone :<\/b> <br>04-92-26-77-12<\/span>\n\t\t\t\t\t\t\t\t\t<\/li>\n\t\t\t\t\t\t\t\t<li class=\"elementor-icon-list-item\">\n\t\t\t\t\t\t\t\t\t\t<span class=\"elementor-icon-list-text\"><b>Email:<\/b> <br>radiologie@clinique-saint-george.com<\/span>\n\t\t\t\t\t\t\t\t\t<\/li>\n\t\t\t\t\t\t<\/ul>\n\t\t\t\t\t\t<\/div>\n\t\t\t\t<\/div>\n\t\t\t\t<\/div>\n\t\t\t\t<\/div>\n\t\t<div class=\"elementor-element elementor-element-1830b8fd e-con-full e-flex e-con e-parent\" data-id=\"1830b8fd\" data-element_type=\"container\">\n\t\t<div class=\"elementor-element elementor-element-57e31d80 e-con-full e-flex e-con e-child\" data-id=\"57e31d80\" data-element_type=\"container\" data-settings=\"{&quot;background_background&quot;:&quot;classic&quot;}\">\n\t\t\t\t<div class=\"elementor-element elementor-element-1f080423 elementor-widget elementor-widget-google_maps\" data-id=\"1f080423\" data-element_type=\"widget\" data-widget_type=\"google_maps.default\">\n\t\t\t\t<div class=\"elementor-widget-container\">\n\t\t\t\t\t\t\t<div class=\"elementor-custom-embed\">\n\t\t\t<iframe loading=\"lazy\"\n\t\t\t\t\tsrc=\"https:\/\/maps.google.com\/maps?q=CLINIQUE%20SAINT%20GEORGE&#038;t=m&#038;z=17&#038;output=embed&#038;iwloc=near\"\n\t\t\t\t\ttitle=\"CLINIQUE SAINT GEORGE\"\n\t\t\t\t\taria-label=\"CLINIQUE SAINT GEORGE\"\n\t\t\t><\/iframe>\n\t\t<\/div>\n\t\t\t\t\t\t<\/div>\n\t\t\t\t<\/div>\n\t\t\t\t<\/div>\n\t\t<div class=\"elementor-element elementor-element-3e98a2a3 e-con-full e-flex e-con e-child\" data-id=\"3e98a2a3\" data-element_type=\"container\">\n\t\t\t\t<\/div>\n\t\t\t\t<\/div>\n\t\t<footer class=\"elementor-element elementor-element-b94e423 e-con-full e-flex e-con e-parent\" data-id=\"b94e423\" data-element_type=\"container\">\n\t\t<div class=\"elementor-element elementor-element-582b9084 e-con-full e-flex e-con e-child\" data-id=\"582b9084\" data-element_type=\"container\">\n\t\t\t\t<div class=\"elementor-element elementor-element-70be4012 elementor-widget elementor-widget-image\" data-id=\"70be4012\" data-element_type=\"widget\" data-widget_type=\"image.default\">\n\t\t\t\t<div class=\"elementor-widget-container\">\n\t\t\t\t\t\t\t\t\t\t\t\t\t\t\t<img loading=\"lazy\" decoding=\"async\" width=\"892\" height=\"288\" src=\"https:\/\/www.embonice.com\/wp-content\/uploads\/2024\/04\/Capture-decran-2024-04-10-220126-1.png\" class=\"attachment-full size-full wp-image-178\" alt=\"\" srcset=\"https:\/\/www.embonice.com\/wp-content\/uploads\/2024\/04\/Capture-decran-2024-04-10-220126-1.png 892w, https:\/\/www.embonice.com\/wp-content\/uploads\/2024\/04\/Capture-decran-2024-04-10-220126-1-300x97.png 300w, https:\/\/www.embonice.com\/wp-content\/uploads\/2024\/04\/Capture-decran-2024-04-10-220126-1-768x248.png 768w\" sizes=\"(max-width: 892px) 100vw, 892px\" \/>\t\t\t\t\t\t\t\t\t\t\t\t\t\t\t<\/div>\n\t\t\t\t<\/div>\n\t\t\t\t<\/div>\n\t\t<div class=\"elementor-element elementor-element-a57dcd6 e-con-full e-flex e-con e-child\" data-id=\"a57dcd6\" data-element_type=\"container\">\n\t\t\t\t<div class=\"elementor-element elementor-element-35cb0f6d elementor-icon-list--layout-inline elementor-tablet-align-center elementor-align-center elementor-list-item-link-full_width elementor-widget elementor-widget-icon-list\" data-id=\"35cb0f6d\" data-element_type=\"widget\" data-widget_type=\"icon-list.default\">\n\t\t\t\t<div class=\"elementor-widget-container\">\n\t\t\t\t\t\t\t<ul class=\"elementor-icon-list-items elementor-inline-items\">\n\t\t\t\t\t\t\t<li class=\"elementor-icon-list-item elementor-inline-item\">\n\t\t\t\t\t\t\t\t\t\t<span class=\"elementor-icon-list-text\"><\/span>\n\t\t\t\t\t\t\t\t\t<\/li>\n\t\t\t\t\t\t\t\t<li class=\"elementor-icon-list-item elementor-inline-item\">\n\t\t\t\t\t\t\t\t\t\t<span class=\"elementor-icon-list-text\"><\/span>\n\t\t\t\t\t\t\t\t\t<\/li>\n\t\t\t\t\t\t\t\t<li class=\"elementor-icon-list-item elementor-inline-item\">\n\t\t\t\t\t\t\t\t\t\t<span class=\"elementor-icon-list-text\"><\/span>\n\t\t\t\t\t\t\t\t\t<\/li>\n\t\t\t\t\t\t<\/ul>\n\t\t\t\t\t\t<\/div>\n\t\t\t\t<\/div>\n\t\t\t\t<\/div>\n\t\t<div class=\"elementor-element elementor-element-536b925b e-con-full e-flex e-con e-child\" data-id=\"536b925b\" data-element_type=\"container\">\n\t\t\t\t<div class=\"elementor-element elementor-element-14a0cf99 e-grid-align-right e-grid-align-tablet-right e-grid-align-mobile-center elementor-widget-mobile__width-inherit elementor-shape-rounded elementor-grid-0 elementor-widget elementor-widget-social-icons\" data-id=\"14a0cf99\" data-element_type=\"widget\" data-widget_type=\"social-icons.default\">\n\t\t\t\t<div class=\"elementor-widget-container\">\n\t\t\t\t\t\t\t<div class=\"elementor-social-icons-wrapper elementor-grid\">\n\t\t\t\t\t\t\t<span class=\"elementor-grid-item\">\n\t\t\t\t\t<a class=\"elementor-icon elementor-social-icon elementor-social-icon-facebook-f elementor-repeater-item-3f1b7ac\" target=\"_blank\">\n\t\t\t\t\t\t<span class=\"elementor-screen-only\">Facebook-f<\/span>\n\t\t\t\t\t\t<svg class=\"e-font-icon-svg e-fab-facebook-f\" viewBox=\"0 0 320 512\" xmlns=\"http:\/\/www.w3.org\/2000\/svg\"><path d=\"M279.14 288l14.22-92.66h-88.91v-60.13c0-25.35 12.42-50.06 52.24-50.06h40.42V6.26S260.43 0 225.36 0c-73.22 0-121.08 44.38-121.08 124.72v70.62H22.89V288h81.39v224h100.17V288z\"><\/path><\/svg>\t\t\t\t\t<\/a>\n\t\t\t\t<\/span>\n\t\t\t\t\t\t\t<span class=\"elementor-grid-item\">\n\t\t\t\t\t<a class=\"elementor-icon elementor-social-icon elementor-social-icon- elementor-repeater-item-5c0ce3c\" target=\"_blank\">\n\t\t\t\t\t\t<span class=\"elementor-screen-only\"><\/span>\n\t\t\t\t\t\t\t\t\t\t\t<\/a>\n\t\t\t\t<\/span>\n\t\t\t\t\t\t\t<span class=\"elementor-grid-item\">\n\t\t\t\t\t<a class=\"elementor-icon elementor-social-icon elementor-social-icon-twitter elementor-repeater-item-828f132\" target=\"_blank\">\n\t\t\t\t\t\t<span class=\"elementor-screen-only\">Twitter<\/span>\n\t\t\t\t\t\t<svg class=\"e-font-icon-svg e-fab-twitter\" viewBox=\"0 0 512 512\" xmlns=\"http:\/\/www.w3.org\/2000\/svg\"><path d=\"M459.37 151.716c.325 4.548.325 9.097.325 13.645 0 138.72-105.583 298.558-298.558 298.558-59.452 0-114.68-17.219-161.137-47.106 8.447.974 16.568 1.299 25.34 1.299 49.055 0 94.213-16.568 130.274-44.832-46.132-.975-84.792-31.188-98.112-72.772 6.498.974 12.995 1.624 19.818 1.624 9.421 0 18.843-1.3 27.614-3.573-48.081-9.747-84.143-51.98-84.143-102.985v-1.299c13.969 7.797 30.214 12.67 47.431 13.319-28.264-18.843-46.781-51.005-46.781-87.391 0-19.492 5.197-37.36 14.294-52.954 51.655 63.675 129.3 105.258 216.365 109.807-1.624-7.797-2.599-15.918-2.599-24.04 0-57.828 46.782-104.934 104.934-104.934 30.213 0 57.502 12.67 76.67 33.137 23.715-4.548 46.456-13.32 66.599-25.34-7.798 24.366-24.366 44.833-46.132 57.827 21.117-2.273 41.584-8.122 60.426-16.243-14.292 20.791-32.161 39.308-52.628 54.253z\"><\/path><\/svg>\t\t\t\t\t<\/a>\n\t\t\t\t<\/span>\n\t\t\t\t\t<\/div>\n\t\t\t\t\t\t<\/div>\n\t\t\t\t<\/div>\n\t\t\t\t<\/div>\n\t\t\t\t<\/footer>\n\t\t<div class=\"elementor-element elementor-element-2260f30a e-con-full e-flex e-con e-parent\" data-id=\"2260f30a\" data-element_type=\"container\" data-settings=\"{&quot;background_background&quot;:&quot;classic&quot;}\">\n\t\t\t\t<div class=\"elementor-element elementor-element-2059b79e elementor-widget elementor-widget-heading\" data-id=\"2059b79e\" data-element_type=\"widget\" data-widget_type=\"heading.default\">\n\t\t\t\t<div class=\"elementor-widget-container\">\n\t\t\t\t\t<p class=\"elementor-heading-title elementor-size-default\"><a href=\"https:\/\/azuradiologie.fr\/\">\u00a9 All Rights Reserved.<\/a><\/p>\t\t\t\t<\/div>\n\t\t\t\t<\/div>\n\t\t\t\t<\/div>\n\t\t<div class=\"elementor-element elementor-element-7cb19ca e-flex e-con-boxed e-con e-parent\" data-id=\"7cb19ca\" data-element_type=\"container\">\n\t\t\t\t\t<div class=\"e-con-inner\">\n\t\t\t\t\t<\/div>\n\t\t\t\t<\/div>\n\t\t\t\t<\/div>\n\t\t","protected":false},"excerpt":{"rendered":"<p>Radiologie Interventionnelle Groupe AzuradiologieNice Bienvenue sur la page d&rsquo;information sur la Radiologie Interventionnelle du groupe de Radiologues Azuradiologie de Nice. !!!\u00a0 Site en construction !!! Clinique Saint George Kantys Nice Localisation Adresse : Service de RadiologieClinique Saint George NiceHall 32 avenue de Rimiez06100 Nice Heures : 8h-20 h du lundi au vendredi8h-13h le samedi T\u00e9l\u00e9phone [&hellip;]<\/p>\n","protected":false},"author":1,"featured_media":0,"parent":0,"menu_order":0,"comment_status":"closed","ping_status":"closed","template":"","meta":{"footnotes":""},"class_list":["post-11","page","type-page","status-publish","hentry","entry"],"yoast_head":"<!-- This site is optimized with the Yoast SEO plugin v22.5 - https:\/\/yoast.com\/wordpress\/plugins\/seo\/ -->\n<title>radiologie interventionnelle nice saint george embolisation prostate<\/title>\n<meta name=\"description\" content=\"Groupe de Radiologues Interventionnels exer\u00e7ants Saint George Kantys Nice. Embolisation ad\u00e9nome prostate, fibrome ut\u00e9rin, varices pelviennes\" \/>\n<meta name=\"robots\" content=\"index, follow, max-snippet:-1, max-image-preview:large, max-video-preview:-1\" \/>\n<link rel=\"canonical\" href=\"http:\/\/www.embonice.com\/\" \/>\n<meta property=\"og:locale\" content=\"fr_FR\" \/>\n<meta property=\"og:type\" content=\"article\" \/>\n<meta property=\"og:title\" content=\"radiologie interventionnelle nice saint george embolisation prostate\" \/>\n<meta property=\"og:description\" content=\"Groupe de Radiologues Interventionnels exer\u00e7ants Saint George Kantys Nice. Embolisation ad\u00e9nome prostate, fibrome ut\u00e9rin, varices pelviennes\" \/>\n<meta property=\"og:url\" content=\"http:\/\/www.embonice.com\/\" \/>\n<meta property=\"og:site_name\" content=\"Embonice.com\" \/>\n<meta property=\"article:modified_time\" content=\"2025-02-18T09:51:57+00:00\" \/>\n<meta property=\"og:image\" content=\"http:\/\/www.embonice.com\/wp-content\/uploads\/2024\/04\/Capture-decran-2024-04-10-220126-1-300x97.png\" \/>\n<meta name=\"twitter:card\" content=\"summary_large_image\" \/>\n<meta name=\"twitter:label1\" content=\"Dur\u00e9e de lecture estim\u00e9e\" \/>\n\t<meta name=\"twitter:data1\" content=\"2 minutes\" \/>\n<script type=\"application\/ld+json\" class=\"yoast-schema-graph\">{\"@context\":\"https:\/\/schema.org\",\"@graph\":[{\"@type\":\"WebPage\",\"@id\":\"http:\/\/www.embonice.com\/\",\"url\":\"http:\/\/www.embonice.com\/\",\"name\":\"radiologie interventionnelle nice saint george embolisation prostate\",\"isPartOf\":{\"@id\":\"http:\/\/www.embonice.com\/#website\"},\"primaryImageOfPage\":{\"@id\":\"http:\/\/www.embonice.com\/#primaryimage\"},\"image\":{\"@id\":\"http:\/\/www.embonice.com\/#primaryimage\"},\"thumbnailUrl\":\"http:\/\/www.embonice.com\/wp-content\/uploads\/2024\/04\/Capture-decran-2024-04-10-220126-1-300x97.png\",\"datePublished\":\"2024-04-18T15:22:38+00:00\",\"dateModified\":\"2025-02-18T09:51:57+00:00\",\"description\":\"Groupe de Radiologues Interventionnels exer\u00e7ants Saint George Kantys Nice. Embolisation ad\u00e9nome prostate, fibrome ut\u00e9rin, varices pelviennes\",\"breadcrumb\":{\"@id\":\"http:\/\/www.embonice.com\/#breadcrumb\"},\"inLanguage\":\"fr-FR\",\"potentialAction\":[{\"@type\":\"ReadAction\",\"target\":[\"http:\/\/www.embonice.com\/\"]}]},{\"@type\":\"ImageObject\",\"inLanguage\":\"fr-FR\",\"@id\":\"http:\/\/www.embonice.com\/#primaryimage\",\"url\":\"http:\/\/www.embonice.com\/wp-content\/uploads\/2024\/04\/Capture-decran-2024-04-10-220126-1-300x97.png\",\"contentUrl\":\"http:\/\/www.embonice.com\/wp-content\/uploads\/2024\/04\/Capture-decran-2024-04-10-220126-1-300x97.png\"},{\"@type\":\"BreadcrumbList\",\"@id\":\"http:\/\/www.embonice.com\/#breadcrumb\",\"itemListElement\":[{\"@type\":\"ListItem\",\"position\":1,\"name\":\"Accueil\",\"item\":\"http:\/\/www.embonice.com\/\"},{\"@type\":\"ListItem\",\"position\":2,\"name\":\"Accueil\"}]},{\"@type\":\"WebSite\",\"@id\":\"http:\/\/www.embonice.com\/#website\",\"url\":\"http:\/\/www.embonice.com\/\",\"name\":\"Embonice.com\",\"description\":\"Centre de Radiologie Interventionnelle de la ville de Nice\",\"publisher\":{\"@id\":\"http:\/\/www.embonice.com\/#organization\"},\"potentialAction\":[{\"@type\":\"SearchAction\",\"target\":{\"@type\":\"EntryPoint\",\"urlTemplate\":\"http:\/\/www.embonice.com\/?s={search_term_string}\"},\"query-input\":\"required name=search_term_string\"}],\"inLanguage\":\"fr-FR\"},{\"@type\":\"Organization\",\"@id\":\"http:\/\/www.embonice.com\/#organization\",\"name\":\"Embonice.com\",\"url\":\"http:\/\/www.embonice.com\/\",\"logo\":{\"@type\":\"ImageObject\",\"inLanguage\":\"fr-FR\",\"@id\":\"http:\/\/www.embonice.com\/#\/schema\/logo\/image\/\",\"url\":\"https:\/\/www.embonice.com\/wp-content\/uploads\/2024\/04\/cropped-Black-and-White-Minimalist-Wave-Fashion-Logo.png\",\"contentUrl\":\"https:\/\/www.embonice.com\/wp-content\/uploads\/2024\/04\/cropped-Black-and-White-Minimalist-Wave-Fashion-Logo.png\",\"width\":500,\"height\":123,\"caption\":\"Embonice.com\"},\"image\":{\"@id\":\"http:\/\/www.embonice.com\/#\/schema\/logo\/image\/\"}}]}<\/script>\n<!-- \/ Yoast SEO plugin. -->","yoast_head_json":{"title":"radiologie interventionnelle nice saint george embolisation prostate","description":"Groupe de Radiologues Interventionnels exer\u00e7ants Saint George Kantys Nice. Embolisation ad\u00e9nome prostate, fibrome ut\u00e9rin, varices pelviennes","robots":{"index":"index","follow":"follow","max-snippet":"max-snippet:-1","max-image-preview":"max-image-preview:large","max-video-preview":"max-video-preview:-1"},"canonical":"http:\/\/www.embonice.com\/","og_locale":"fr_FR","og_type":"article","og_title":"radiologie interventionnelle nice saint george embolisation prostate","og_description":"Groupe de Radiologues Interventionnels exer\u00e7ants Saint George Kantys Nice. Embolisation ad\u00e9nome prostate, fibrome ut\u00e9rin, varices pelviennes","og_url":"http:\/\/www.embonice.com\/","og_site_name":"Embonice.com","article_modified_time":"2025-02-18T09:51:57+00:00","og_image":[{"url":"http:\/\/www.embonice.com\/wp-content\/uploads\/2024\/04\/Capture-decran-2024-04-10-220126-1-300x97.png"}],"twitter_card":"summary_large_image","twitter_misc":{"Dur\u00e9e de lecture estim\u00e9e":"2 minutes"},"schema":{"@context":"https:\/\/schema.org","@graph":[{"@type":"WebPage","@id":"http:\/\/www.embonice.com\/","url":"http:\/\/www.embonice.com\/","name":"radiologie interventionnelle nice saint george embolisation prostate","isPartOf":{"@id":"http:\/\/www.embonice.com\/#website"},"primaryImageOfPage":{"@id":"http:\/\/www.embonice.com\/#primaryimage"},"image":{"@id":"http:\/\/www.embonice.com\/#primaryimage"},"thumbnailUrl":"http:\/\/www.embonice.com\/wp-content\/uploads\/2024\/04\/Capture-decran-2024-04-10-220126-1-300x97.png","datePublished":"2024-04-18T15:22:38+00:00","dateModified":"2025-02-18T09:51:57+00:00","description":"Groupe de Radiologues Interventionnels exer\u00e7ants Saint George Kantys Nice. Embolisation ad\u00e9nome prostate, fibrome ut\u00e9rin, varices pelviennes","breadcrumb":{"@id":"http:\/\/www.embonice.com\/#breadcrumb"},"inLanguage":"fr-FR","potentialAction":[{"@type":"ReadAction","target":["http:\/\/www.embonice.com\/"]}]},{"@type":"ImageObject","inLanguage":"fr-FR","@id":"http:\/\/www.embonice.com\/#primaryimage","url":"http:\/\/www.embonice.com\/wp-content\/uploads\/2024\/04\/Capture-decran-2024-04-10-220126-1-300x97.png","contentUrl":"http:\/\/www.embonice.com\/wp-content\/uploads\/2024\/04\/Capture-decran-2024-04-10-220126-1-300x97.png"},{"@type":"BreadcrumbList","@id":"http:\/\/www.embonice.com\/#breadcrumb","itemListElement":[{"@type":"ListItem","position":1,"name":"Accueil","item":"http:\/\/www.embonice.com\/"},{"@type":"ListItem","position":2,"name":"Accueil"}]},{"@type":"WebSite","@id":"http:\/\/www.embonice.com\/#website","url":"http:\/\/www.embonice.com\/","name":"Embonice.com","description":"Centre de Radiologie Interventionnelle de la ville de Nice","publisher":{"@id":"http:\/\/www.embonice.com\/#organization"},"potentialAction":[{"@type":"SearchAction","target":{"@type":"EntryPoint","urlTemplate":"http:\/\/www.embonice.com\/?s={search_term_string}"},"query-input":"required name=search_term_string"}],"inLanguage":"fr-FR"},{"@type":"Organization","@id":"http:\/\/www.embonice.com\/#organization","name":"Embonice.com","url":"http:\/\/www.embonice.com\/","logo":{"@type":"ImageObject","inLanguage":"fr-FR","@id":"http:\/\/www.embonice.com\/#\/schema\/logo\/image\/","url":"https:\/\/www.embonice.com\/wp-content\/uploads\/2024\/04\/cropped-Black-and-White-Minimalist-Wave-Fashion-Logo.png","contentUrl":"https:\/\/www.embonice.com\/wp-content\/uploads\/2024\/04\/cropped-Black-and-White-Minimalist-Wave-Fashion-Logo.png","width":500,"height":123,"caption":"Embonice.com"},"image":{"@id":"http:\/\/www.embonice.com\/#\/schema\/logo\/image\/"}}]}},"_links":{"self":[{"href":"https:\/\/www.embonice.com\/index.php\/wp-json\/wp\/v2\/pages\/11","targetHints":{"allow":["GET"]}}],"collection":[{"href":"https:\/\/www.embonice.com\/index.php\/wp-json\/wp\/v2\/pages"}],"about":[{"href":"https:\/\/www.embonice.com\/index.php\/wp-json\/wp\/v2\/types\/page"}],"author":[{"embeddable":true,"href":"https:\/\/www.embonice.com\/index.php\/wp-json\/wp\/v2\/users\/1"}],"replies":[{"embeddable":true,"href":"https:\/\/www.embonice.com\/index.php\/wp-json\/wp\/v2\/comments?post=11"}],"version-history":[{"count":118,"href":"https:\/\/www.embonice.com\/index.php\/wp-json\/wp\/v2\/pages\/11\/revisions"}],"predecessor-version":[{"id":488,"href":"https:\/\/www.embonice.com\/index.php\/wp-json\/wp\/v2\/pages\/11\/revisions\/488"}],"wp:attachment":[{"href":"https:\/\/www.embonice.com\/index.php\/wp-json\/wp\/v2\/media?parent=11"}],"curies":[{"name":"wp","href":"https:\/\/api.w.org\/{rel}","templated":true}]}}