{"id":117,"date":"2024-04-19T10:28:15","date_gmt":"2024-04-19T08:28:15","guid":{"rendered":"https:\/\/www.embonice.com\/?page_id=117"},"modified":"2024-04-19T10:28:16","modified_gmt":"2024-04-19T08:28:16","slug":"embolisation-de-varicocele","status":"publish","type":"page","link":"https:\/\/www.embonice.com\/index.php\/embolisation-de-varicocele\/","title":{"rendered":"Embolisation de varicoc\u00e8le"},"content":{"rendered":"\n<p>Une varicoc\u00e8le est une dilatation du r\u00e9seau veineux p\u00e9ri-testiculaire, le plus souvent du c\u00f4t\u00e9 gauche, \u00e0 cause d\u2019une incomp\u00e9tence de la veine spermatique gauche, le sang circulant \u201c\u00e0 contre-sens\u201d, \u00e0 l\u2019origine d\u2019une stase sanguine testiculaire.<\/p>\n\n\n\n<p>Souvent asymptomatique, une varicoc\u00e8le peut \u00eatre \u00e0 l\u2019origine de pesanteur testiculaire, de douleurs, principalement en fin de journ\u00e9e, voire de troubles de la fertilit\u00e9 avec anomalies du spermogramme.<\/p>\n\n\n\n<p><strong><em>Principe de l\u2019embolisation<\/em><\/strong><\/p>\n\n\n\n<p>L\u2019embolisation consiste \u00e0 boucher la veine spermatique incomp\u00e9tente, \u00e0 l\u2019aide de colle m\u00e9dicale ou de spirs m\u00e9talliques (co\u00efls), en vue d\u2019interrompre le reflux sanguin au sein des veines p\u00e9ri-testiculaires, et de rediriger le sang vers des veines comp\u00e9tentes.<\/p>\n\n\n\n<p><strong><em>Le circuit patient et la proc\u00e9dure en d\u00e9tails<\/em><\/strong><\/p>\n\n\n\n<p>L\u2019indication d\u2019embolisation est confirm\u00e9e lors d\u2019une consultation d\u00e9di\u00e9e de radiologie interventionnelle, apr\u00e8s r\u00e9alisation d\u2019un \u00e9cho-doppler testiculaire.<\/p>\n\n\n\n<p>Le geste se d\u00e9roule sous anesth\u00e9sie locale voire s\u00e9dation l\u00e9g\u00e8re.<\/p>\n\n\n\n<p>Une consultation d\u2019anesth\u00e9sie doit \u00eatre r\u00e9alis\u00e9e.<\/p>\n\n\n\n<p>Le jour de l\u2019intervention, le patient est re\u00e7u au bloc de radiologie interventionnelle, puis install\u00e9 sur le dos.<\/p>\n\n\n\n<p>Apr\u00e8s anesth\u00e9sie locale, le radiologue effectue une ponction veineuse, le plus souvent au niveau d\u2019une veine superficielle du bras (veine basilique), parfois au niveau d\u2019une veine f\u00e9morale au pli de l\u2019aine.<\/p>\n\n\n\n<p>Un cath\u00e9ter (petit tuyau) est ensuite introduit au sein de la veine ponctionn\u00e9e, permettant au radiologue de naviguer dans le r\u00e9seau veineux du patient, jusqu\u2019\u00e0 la veine spermatique gauche.<\/p>\n\n\n\n<p>Une injection de produit de contraste iod\u00e9 permet de rep\u00e9rer pr\u00e9cis\u00e9ment cette veine spermatique, de confirmer son caract\u00e8re refluant donc pathologique (circulation \u00e0 contre sens), et d\u2019y introduire le cath\u00e9ter.<\/p>\n\n\n\n<p>Lorsque le cath\u00e9ter est parfaitement positionn\u00e9 au sein de la veine spermatique, le radiologue proc\u00e8de \u00e0 l\u2019embolisation \u00e0 proprement parler, par injection de colle m\u00e9dicale, de scl\u00e9rosant, ou de coils.<\/p>\n\n\n\n<p>Un contr\u00f4le final confirme l\u2019obstruction et l\u2019absence de reflux au sein de la veine embolis\u00e9e.<\/p>\n\n\n\n<p>Le mat\u00e9riel est retir\u00e9, et le point de ponction est comprim\u00e9 quelques minutes.<\/p>\n\n\n\n<p>La dur\u00e9e de l\u2019intervention est d\u2019environ 30-45 minutes.<\/p>\n\n\n\n<p>Le patient est surveill\u00e9 durant 1 \u00e0 2h au d\u00e9cours de la proc\u00e9dure avant retour au domicile.<\/p>\n\n\n\n<p>Les complications per-op\u00e9ratoires sont tr\u00e8s rares.&nbsp;<\/p>\n\n\n\n<p>Un h\u00e9matome peut survenir au point de ponction, ainsi qu\u2019une r\u00e9action allergique aux agents inject\u00e9s.&nbsp;<\/p>\n\n\n\n<p>En cas d\u2019utilisation de colle m\u00e9dicale, des cas exceptionnels de migration vers les art\u00e8res du poumon ont \u00e9t\u00e9 d\u00e9crits, le plus souvent asymptomatiques.<\/p>\n\n\n\n<figure class=\"wp-block-image\"><img decoding=\"async\" src=\"https:\/\/lh7-us.googleusercontent.com\/S1N6btXD3R4xVjK4gz7Yi31yXSzo6cVnYnp7VsnHRmIkiGHWvzpGH9Q3dVMT4h5Uq6xm720Cip-K6RBnQ1kw0TxBjJ04EA69Mbm9sOkCr_hUAF5RRFfyglImsY2PhTlOjB1vGJBiKmInLAZAW7F5qsU\" alt=\"\"\/><\/figure>\n\n\n\n<p><em>Illustration de la proc\u00e9dure par la Soci\u00e9t\u00e9 fran\u00e7aise de radiologie (SFR)<\/em><\/p>\n\n\n\n<p><strong><em>Apr\u00e8s l\u2019embolisation ?<\/em><\/strong><\/p>\n\n\n\n<p>Des douleurs du bas ventres et du testicules embolis\u00e9 sont classiques dans les jours qui suivent l\u2019intervention, bien contr\u00f4l\u00e9es par antalgiques classiques.<\/p>\n\n\n\n<p>Au d\u00e9cours,l\u2019efficacit\u00e9 sur les douleurs pr\u00e9-op\u00e9ratoire est en g\u00e9n\u00e9ral observ\u00e9e tr\u00e8s rapidement.&nbsp;<\/p>\n\n\n\n<p>Dans le cadre de troubles de la fertilit\u00e9, il faut 2 \u00e0 3 mois pour un effet sur la qualit\u00e9 du sperme.<\/p>\n\n\n\n<p>Une consultation de suivie avec la radiologue est pr\u00e9vue quelques mois apr\u00e8s l\u2019intervention.<\/p>\n","protected":false},"excerpt":{"rendered":"<p>Une varicoc\u00e8le est une dilatation du r\u00e9seau veineux p\u00e9ri-testiculaire, le plus souvent du c\u00f4t\u00e9 gauche, \u00e0 cause d\u2019une incomp\u00e9tence de la veine spermatique gauche, le sang circulant \u201c\u00e0 contre-sens\u201d, \u00e0 l\u2019origine d\u2019une stase sanguine testiculaire. Souvent asymptomatique, une varicoc\u00e8le peut \u00eatre \u00e0 l\u2019origine de pesanteur testiculaire, de douleurs, principalement en fin de journ\u00e9e, voire de [&hellip;]<\/p>\n","protected":false},"author":1,"featured_media":0,"parent":0,"menu_order":0,"comment_status":"closed","ping_status":"closed","template":"","meta":{"footnotes":""},"class_list":["post-117","page","type-page","status-publish","hentry","entry"],"yoast_head":"<!-- This site is optimized with the Yoast SEO plugin v22.5 - https:\/\/yoast.com\/wordpress\/plugins\/seo\/ -->\n<title>Embolisation de varicoc\u00e8le - Embonice.com<\/title>\n<meta name=\"robots\" content=\"index, follow, max-snippet:-1, max-image-preview:large, max-video-preview:-1\" \/>\n<link rel=\"canonical\" href=\"https:\/\/www.embonice.com\/index.php\/embolisation-de-varicocele\/\" \/>\n<meta property=\"og:locale\" content=\"fr_FR\" \/>\n<meta property=\"og:type\" content=\"article\" \/>\n<meta property=\"og:title\" content=\"Embolisation de varicoc\u00e8le - Embonice.com\" \/>\n<meta property=\"og:description\" content=\"Une varicoc\u00e8le est une dilatation du r\u00e9seau veineux p\u00e9ri-testiculaire, le plus souvent du c\u00f4t\u00e9 gauche, \u00e0 cause d\u2019une incomp\u00e9tence de la veine spermatique gauche, le sang circulant \u201c\u00e0 contre-sens\u201d, \u00e0 l\u2019origine d\u2019une stase sanguine testiculaire. Souvent asymptomatique, une varicoc\u00e8le peut \u00eatre \u00e0 l\u2019origine de pesanteur testiculaire, de douleurs, principalement en fin de journ\u00e9e, voire de [&hellip;]\" \/>\n<meta property=\"og:url\" content=\"https:\/\/www.embonice.com\/index.php\/embolisation-de-varicocele\/\" \/>\n<meta property=\"og:site_name\" content=\"Embonice.com\" \/>\n<meta property=\"article:modified_time\" content=\"2024-04-19T08:28:16+00:00\" \/>\n<meta property=\"og:image\" content=\"https:\/\/lh7-us.googleusercontent.com\/S1N6btXD3R4xVjK4gz7Yi31yXSzo6cVnYnp7VsnHRmIkiGHWvzpGH9Q3dVMT4h5Uq6xm720Cip-K6RBnQ1kw0TxBjJ04EA69Mbm9sOkCr_hUAF5RRFfyglImsY2PhTlOjB1vGJBiKmInLAZAW7F5qsU\" \/>\n<meta name=\"twitter:card\" content=\"summary_large_image\" \/>\n<meta name=\"twitter:label1\" content=\"Dur\u00e9e de lecture estim\u00e9e\" \/>\n\t<meta name=\"twitter:data1\" content=\"3 minutes\" \/>\n<script type=\"application\/ld+json\" class=\"yoast-schema-graph\">{\"@context\":\"https:\/\/schema.org\",\"@graph\":[{\"@type\":\"WebPage\",\"@id\":\"https:\/\/www.embonice.com\/index.php\/embolisation-de-varicocele\/\",\"url\":\"https:\/\/www.embonice.com\/index.php\/embolisation-de-varicocele\/\",\"name\":\"Embolisation de varicoc\u00e8le - Embonice.com\",\"isPartOf\":{\"@id\":\"http:\/\/www.embonice.com\/#website\"},\"primaryImageOfPage\":{\"@id\":\"https:\/\/www.embonice.com\/index.php\/embolisation-de-varicocele\/#primaryimage\"},\"image\":{\"@id\":\"https:\/\/www.embonice.com\/index.php\/embolisation-de-varicocele\/#primaryimage\"},\"thumbnailUrl\":\"https:\/\/lh7-us.googleusercontent.com\/S1N6btXD3R4xVjK4gz7Yi31yXSzo6cVnYnp7VsnHRmIkiGHWvzpGH9Q3dVMT4h5Uq6xm720Cip-K6RBnQ1kw0TxBjJ04EA69Mbm9sOkCr_hUAF5RRFfyglImsY2PhTlOjB1vGJBiKmInLAZAW7F5qsU\",\"datePublished\":\"2024-04-19T08:28:15+00:00\",\"dateModified\":\"2024-04-19T08:28:16+00:00\",\"breadcrumb\":{\"@id\":\"https:\/\/www.embonice.com\/index.php\/embolisation-de-varicocele\/#breadcrumb\"},\"inLanguage\":\"fr-FR\",\"potentialAction\":[{\"@type\":\"ReadAction\",\"target\":[\"https:\/\/www.embonice.com\/index.php\/embolisation-de-varicocele\/\"]}]},{\"@type\":\"ImageObject\",\"inLanguage\":\"fr-FR\",\"@id\":\"https:\/\/www.embonice.com\/index.php\/embolisation-de-varicocele\/#primaryimage\",\"url\":\"https:\/\/lh7-us.googleusercontent.com\/S1N6btXD3R4xVjK4gz7Yi31yXSzo6cVnYnp7VsnHRmIkiGHWvzpGH9Q3dVMT4h5Uq6xm720Cip-K6RBnQ1kw0TxBjJ04EA69Mbm9sOkCr_hUAF5RRFfyglImsY2PhTlOjB1vGJBiKmInLAZAW7F5qsU\",\"contentUrl\":\"https:\/\/lh7-us.googleusercontent.com\/S1N6btXD3R4xVjK4gz7Yi31yXSzo6cVnYnp7VsnHRmIkiGHWvzpGH9Q3dVMT4h5Uq6xm720Cip-K6RBnQ1kw0TxBjJ04EA69Mbm9sOkCr_hUAF5RRFfyglImsY2PhTlOjB1vGJBiKmInLAZAW7F5qsU\"},{\"@type\":\"BreadcrumbList\",\"@id\":\"https:\/\/www.embonice.com\/index.php\/embolisation-de-varicocele\/#breadcrumb\",\"itemListElement\":[{\"@type\":\"ListItem\",\"position\":1,\"name\":\"Accueil\",\"item\":\"http:\/\/www.embonice.com\/\"},{\"@type\":\"ListItem\",\"position\":2,\"name\":\"Embolisation de varicoc\u00e8le\"}]},{\"@type\":\"WebSite\",\"@id\":\"http:\/\/www.embonice.com\/#website\",\"url\":\"http:\/\/www.embonice.com\/\",\"name\":\"Embonice.com\",\"description\":\"Centre de Radiologie Interventionnelle de la ville de Nice\",\"publisher\":{\"@id\":\"http:\/\/www.embonice.com\/#organization\"},\"potentialAction\":[{\"@type\":\"SearchAction\",\"target\":{\"@type\":\"EntryPoint\",\"urlTemplate\":\"http:\/\/www.embonice.com\/?s={search_term_string}\"},\"query-input\":\"required name=search_term_string\"}],\"inLanguage\":\"fr-FR\"},{\"@type\":\"Organization\",\"@id\":\"http:\/\/www.embonice.com\/#organization\",\"name\":\"Embonice.com\",\"url\":\"http:\/\/www.embonice.com\/\",\"logo\":{\"@type\":\"ImageObject\",\"inLanguage\":\"fr-FR\",\"@id\":\"http:\/\/www.embonice.com\/#\/schema\/logo\/image\/\",\"url\":\"https:\/\/www.embonice.com\/wp-content\/uploads\/2024\/04\/cropped-Black-and-White-Minimalist-Wave-Fashion-Logo.png\",\"contentUrl\":\"https:\/\/www.embonice.com\/wp-content\/uploads\/2024\/04\/cropped-Black-and-White-Minimalist-Wave-Fashion-Logo.png\",\"width\":500,\"height\":123,\"caption\":\"Embonice.com\"},\"image\":{\"@id\":\"http:\/\/www.embonice.com\/#\/schema\/logo\/image\/\"}}]}<\/script>\n<!-- \/ Yoast SEO plugin. -->","yoast_head_json":{"title":"Embolisation de varicoc\u00e8le - Embonice.com","robots":{"index":"index","follow":"follow","max-snippet":"max-snippet:-1","max-image-preview":"max-image-preview:large","max-video-preview":"max-video-preview:-1"},"canonical":"https:\/\/www.embonice.com\/index.php\/embolisation-de-varicocele\/","og_locale":"fr_FR","og_type":"article","og_title":"Embolisation de varicoc\u00e8le - Embonice.com","og_description":"Une varicoc\u00e8le est une dilatation du r\u00e9seau veineux p\u00e9ri-testiculaire, le plus souvent du c\u00f4t\u00e9 gauche, \u00e0 cause d\u2019une incomp\u00e9tence de la veine spermatique gauche, le sang circulant \u201c\u00e0 contre-sens\u201d, \u00e0 l\u2019origine d\u2019une stase sanguine testiculaire. Souvent asymptomatique, une varicoc\u00e8le peut \u00eatre \u00e0 l\u2019origine de pesanteur testiculaire, de douleurs, principalement en fin de journ\u00e9e, voire de [&hellip;]","og_url":"https:\/\/www.embonice.com\/index.php\/embolisation-de-varicocele\/","og_site_name":"Embonice.com","article_modified_time":"2024-04-19T08:28:16+00:00","og_image":[{"url":"https:\/\/lh7-us.googleusercontent.com\/S1N6btXD3R4xVjK4gz7Yi31yXSzo6cVnYnp7VsnHRmIkiGHWvzpGH9Q3dVMT4h5Uq6xm720Cip-K6RBnQ1kw0TxBjJ04EA69Mbm9sOkCr_hUAF5RRFfyglImsY2PhTlOjB1vGJBiKmInLAZAW7F5qsU"}],"twitter_card":"summary_large_image","twitter_misc":{"Dur\u00e9e de lecture estim\u00e9e":"3 minutes"},"schema":{"@context":"https:\/\/schema.org","@graph":[{"@type":"WebPage","@id":"https:\/\/www.embonice.com\/index.php\/embolisation-de-varicocele\/","url":"https:\/\/www.embonice.com\/index.php\/embolisation-de-varicocele\/","name":"Embolisation de varicoc\u00e8le - Embonice.com","isPartOf":{"@id":"http:\/\/www.embonice.com\/#website"},"primaryImageOfPage":{"@id":"https:\/\/www.embonice.com\/index.php\/embolisation-de-varicocele\/#primaryimage"},"image":{"@id":"https:\/\/www.embonice.com\/index.php\/embolisation-de-varicocele\/#primaryimage"},"thumbnailUrl":"https:\/\/lh7-us.googleusercontent.com\/S1N6btXD3R4xVjK4gz7Yi31yXSzo6cVnYnp7VsnHRmIkiGHWvzpGH9Q3dVMT4h5Uq6xm720Cip-K6RBnQ1kw0TxBjJ04EA69Mbm9sOkCr_hUAF5RRFfyglImsY2PhTlOjB1vGJBiKmInLAZAW7F5qsU","datePublished":"2024-04-19T08:28:15+00:00","dateModified":"2024-04-19T08:28:16+00:00","breadcrumb":{"@id":"https:\/\/www.embonice.com\/index.php\/embolisation-de-varicocele\/#breadcrumb"},"inLanguage":"fr-FR","potentialAction":[{"@type":"ReadAction","target":["https:\/\/www.embonice.com\/index.php\/embolisation-de-varicocele\/"]}]},{"@type":"ImageObject","inLanguage":"fr-FR","@id":"https:\/\/www.embonice.com\/index.php\/embolisation-de-varicocele\/#primaryimage","url":"https:\/\/lh7-us.googleusercontent.com\/S1N6btXD3R4xVjK4gz7Yi31yXSzo6cVnYnp7VsnHRmIkiGHWvzpGH9Q3dVMT4h5Uq6xm720Cip-K6RBnQ1kw0TxBjJ04EA69Mbm9sOkCr_hUAF5RRFfyglImsY2PhTlOjB1vGJBiKmInLAZAW7F5qsU","contentUrl":"https:\/\/lh7-us.googleusercontent.com\/S1N6btXD3R4xVjK4gz7Yi31yXSzo6cVnYnp7VsnHRmIkiGHWvzpGH9Q3dVMT4h5Uq6xm720Cip-K6RBnQ1kw0TxBjJ04EA69Mbm9sOkCr_hUAF5RRFfyglImsY2PhTlOjB1vGJBiKmInLAZAW7F5qsU"},{"@type":"BreadcrumbList","@id":"https:\/\/www.embonice.com\/index.php\/embolisation-de-varicocele\/#breadcrumb","itemListElement":[{"@type":"ListItem","position":1,"name":"Accueil","item":"http:\/\/www.embonice.com\/"},{"@type":"ListItem","position":2,"name":"Embolisation de varicoc\u00e8le"}]},{"@type":"WebSite","@id":"http:\/\/www.embonice.com\/#website","url":"http:\/\/www.embonice.com\/","name":"Embonice.com","description":"Centre de Radiologie Interventionnelle de la ville de Nice","publisher":{"@id":"http:\/\/www.embonice.com\/#organization"},"potentialAction":[{"@type":"SearchAction","target":{"@type":"EntryPoint","urlTemplate":"http:\/\/www.embonice.com\/?s={search_term_string}"},"query-input":"required name=search_term_string"}],"inLanguage":"fr-FR"},{"@type":"Organization","@id":"http:\/\/www.embonice.com\/#organization","name":"Embonice.com","url":"http:\/\/www.embonice.com\/","logo":{"@type":"ImageObject","inLanguage":"fr-FR","@id":"http:\/\/www.embonice.com\/#\/schema\/logo\/image\/","url":"https:\/\/www.embonice.com\/wp-content\/uploads\/2024\/04\/cropped-Black-and-White-Minimalist-Wave-Fashion-Logo.png","contentUrl":"https:\/\/www.embonice.com\/wp-content\/uploads\/2024\/04\/cropped-Black-and-White-Minimalist-Wave-Fashion-Logo.png","width":500,"height":123,"caption":"Embonice.com"},"image":{"@id":"http:\/\/www.embonice.com\/#\/schema\/logo\/image\/"}}]}},"_links":{"self":[{"href":"https:\/\/www.embonice.com\/index.php\/wp-json\/wp\/v2\/pages\/117","targetHints":{"allow":["GET"]}}],"collection":[{"href":"https:\/\/www.embonice.com\/index.php\/wp-json\/wp\/v2\/pages"}],"about":[{"href":"https:\/\/www.embonice.com\/index.php\/wp-json\/wp\/v2\/types\/page"}],"author":[{"embeddable":true,"href":"https:\/\/www.embonice.com\/index.php\/wp-json\/wp\/v2\/users\/1"}],"replies":[{"embeddable":true,"href":"https:\/\/www.embonice.com\/index.php\/wp-json\/wp\/v2\/comments?post=117"}],"version-history":[{"count":1,"href":"https:\/\/www.embonice.com\/index.php\/wp-json\/wp\/v2\/pages\/117\/revisions"}],"predecessor-version":[{"id":118,"href":"https:\/\/www.embonice.com\/index.php\/wp-json\/wp\/v2\/pages\/117\/revisions\/118"}],"wp:attachment":[{"href":"https:\/\/www.embonice.com\/index.php\/wp-json\/wp\/v2\/media?parent=117"}],"curies":[{"name":"wp","href":"https:\/\/api.w.org\/{rel}","templated":true}]}}