{"id":13,"date":"2024-04-18T17:22:53","date_gmt":"2024-04-18T15:22:53","guid":{"rendered":"https:\/\/www.embonice.com\/?page_id=13"},"modified":"2024-04-25T15:59:47","modified_gmt":"2024-04-25T13:59:47","slug":"a-propos","status":"publish","type":"page","link":"https:\/\/www.embonice.com\/index.php\/a-propos\/","title":{"rendered":"La Radiologie Interventionnelle"},"content":{"rendered":"\n<p>La radiologie interventionnelle consiste \u00e0 atteindre un organe ou une structure pathologique, en utilisant comme guidage des techniques d\u2019imagerie modernes, en vue de r\u00e9aliser un geste \u00e0 vis\u00e9e diagnostique (ou biopsie, pr\u00e9l\u00e8vement d\u2019un fragment millim\u00e9trique de l\u2019organe avant analyse microscopique) ou th\u00e9rapeutique.<\/p>\n\n\n\n<p>Le m\u00e9decin radiologue interventionnel peut atteindre sa cible via l\u2019introduction d\u2019une aiguille directement au travers de la peau (<strong>Radiologie interventionnelle percutan\u00e9e<\/strong>) ou via l\u2019introduction de cath\u00e9ters (petits \u201ctuyaux\u201d millim\u00e9triques) au sein des art\u00e8res ou des veines qui irriguent l\u2019organe\/la l\u00e9sion (<strong>Radiologie interventionnelle vasculaire<\/strong>), apr\u00e8s simple ponction, le plus souvent au pli de l\u2019aine. <strong>Embolisation<\/strong> : injection d\u2019agents d\u2019embolisation (bio-mat\u00e9riaux) pour obstruer les vaisseaux irriguant la zone pathologique&nbsp;<\/p>\n\n\n\n<p>La radiologie interventionnelle th\u00e9rapeutique a de nombreux champs d\u2019application. Pour exemples :&nbsp;<\/p>\n\n\n\n<ul class=\"wp-block-list\">\n<li>Pathologies rachidiennes :\u00a0<\/li>\n<\/ul>\n\n\n\n<p>.Traitement mini-invasif des fractures vert\u00e9brales (Vert\u00e9broplastie),&nbsp;<\/p>\n\n\n\n<p>.Traitement mini-invasif des hernies discales (herniectomies)<\/p>\n\n\n\n<ul class=\"wp-block-list\">\n<li>Pathologies pelviennes de la femme :\u00a0<\/li>\n<\/ul>\n\n\n\n<p>.Traitement mini-invasif des fibromes ut\u00e9rins (embolisation de fibromes),&nbsp;<\/p>\n\n\n\n<p>.Traitement mini-invasif des syndromes de congestion pelvienne (embolisation de varices pelviennes)<\/p>\n\n\n\n<ul class=\"wp-block-list\">\n<li>Pathologies pelviennes de l\u2019homme :\u00a0<\/li>\n<\/ul>\n\n\n\n<p>.Traitement mini-invasif des ad\u00e9nomes ou hypertrophies prostatiques (embolisation de prostate)&nbsp;<\/p>\n\n\n\n<p>.Traitement mini-invasif des varicoc\u00e8les (embolisation de varicoc\u00e8le)<\/p>\n\n\n\n<ul class=\"wp-block-list\">\n<li>Pathologies art\u00e9rielles :<\/li>\n<\/ul>\n\n\n\n<p>Angioplasties : dilatation d\u2019art\u00e8res dont le calibre est r\u00e9tr\u00e9ci pour restaurer un flux sanguin satisfaisant.<\/p>\n\n\n\n<ul class=\"wp-block-list\">\n<li>Tumeurs malignes :\u00a0<\/li>\n<\/ul>\n\n\n\n<p>.Introduction d\u2019une aiguille au sein d\u2019une tumeur (r\u00e9nale, h\u00e9patique, pulmonaire, osseuse\u2026) en vue de la d\u00e9truire par le chaud (<strong>Radiofr\u00e9quence<\/strong>) ou le froid (<strong>Cryoablation<\/strong>)<\/p>\n\n\n\n<p>.Embolisation\/Chimioembolisation de tumeur<\/p>\n","protected":false},"excerpt":{"rendered":"<p>La radiologie interventionnelle consiste \u00e0 atteindre un organe ou une structure pathologique, en utilisant comme guidage des techniques d\u2019imagerie modernes, en vue de r\u00e9aliser un geste \u00e0 vis\u00e9e diagnostique (ou biopsie, pr\u00e9l\u00e8vement d\u2019un fragment millim\u00e9trique de l\u2019organe avant analyse microscopique) ou th\u00e9rapeutique. Le m\u00e9decin radiologue interventionnel peut atteindre sa cible via l\u2019introduction d\u2019une aiguille directement [&hellip;]<\/p>\n","protected":false},"author":1,"featured_media":0,"parent":0,"menu_order":0,"comment_status":"closed","ping_status":"closed","template":"","meta":{"footnotes":""},"class_list":["post-13","page","type-page","status-publish","hentry","entry"],"yoast_head":"<!-- This site is optimized with the Yoast SEO plugin v22.5 - https:\/\/yoast.com\/wordpress\/plugins\/seo\/ -->\n<title>La Radiologie Interventionnelle - Embonice.com<\/title>\n<meta name=\"robots\" content=\"index, follow, max-snippet:-1, max-image-preview:large, max-video-preview:-1\" \/>\n<link rel=\"canonical\" href=\"https:\/\/www.embonice.com\/index.php\/a-propos\/\" \/>\n<meta property=\"og:locale\" content=\"fr_FR\" \/>\n<meta property=\"og:type\" content=\"article\" \/>\n<meta property=\"og:title\" content=\"La Radiologie Interventionnelle - Embonice.com\" \/>\n<meta property=\"og:description\" content=\"La radiologie interventionnelle consiste \u00e0 atteindre un organe ou une structure pathologique, en utilisant comme guidage des techniques d\u2019imagerie modernes, en vue de r\u00e9aliser un geste \u00e0 vis\u00e9e diagnostique (ou biopsie, pr\u00e9l\u00e8vement d\u2019un fragment millim\u00e9trique de l\u2019organe avant analyse microscopique) ou th\u00e9rapeutique. Le m\u00e9decin radiologue interventionnel peut atteindre sa cible via l\u2019introduction d\u2019une aiguille directement [&hellip;]\" \/>\n<meta property=\"og:url\" content=\"https:\/\/www.embonice.com\/index.php\/a-propos\/\" \/>\n<meta property=\"og:site_name\" content=\"Embonice.com\" \/>\n<meta property=\"article:modified_time\" content=\"2024-04-25T13:59:47+00:00\" \/>\n<meta name=\"twitter:card\" content=\"summary_large_image\" \/>\n<meta name=\"twitter:label1\" content=\"Dur\u00e9e de lecture estim\u00e9e\" \/>\n\t<meta name=\"twitter:data1\" content=\"2 minutes\" \/>\n<script type=\"application\/ld+json\" class=\"yoast-schema-graph\">{\"@context\":\"https:\/\/schema.org\",\"@graph\":[{\"@type\":\"WebPage\",\"@id\":\"https:\/\/www.embonice.com\/index.php\/a-propos\/\",\"url\":\"https:\/\/www.embonice.com\/index.php\/a-propos\/\",\"name\":\"La Radiologie Interventionnelle - Embonice.com\",\"isPartOf\":{\"@id\":\"http:\/\/www.embonice.com\/#website\"},\"datePublished\":\"2024-04-18T15:22:53+00:00\",\"dateModified\":\"2024-04-25T13:59:47+00:00\",\"breadcrumb\":{\"@id\":\"https:\/\/www.embonice.com\/index.php\/a-propos\/#breadcrumb\"},\"inLanguage\":\"fr-FR\",\"potentialAction\":[{\"@type\":\"ReadAction\",\"target\":[\"https:\/\/www.embonice.com\/index.php\/a-propos\/\"]}]},{\"@type\":\"BreadcrumbList\",\"@id\":\"https:\/\/www.embonice.com\/index.php\/a-propos\/#breadcrumb\",\"itemListElement\":[{\"@type\":\"ListItem\",\"position\":1,\"name\":\"Accueil\",\"item\":\"http:\/\/www.embonice.com\/\"},{\"@type\":\"ListItem\",\"position\":2,\"name\":\"La Radiologie Interventionnelle\"}]},{\"@type\":\"WebSite\",\"@id\":\"http:\/\/www.embonice.com\/#website\",\"url\":\"http:\/\/www.embonice.com\/\",\"name\":\"Embonice.com\",\"description\":\"Centre de Radiologie Interventionnelle de la ville de Nice\",\"publisher\":{\"@id\":\"http:\/\/www.embonice.com\/#organization\"},\"potentialAction\":[{\"@type\":\"SearchAction\",\"target\":{\"@type\":\"EntryPoint\",\"urlTemplate\":\"http:\/\/www.embonice.com\/?s={search_term_string}\"},\"query-input\":\"required name=search_term_string\"}],\"inLanguage\":\"fr-FR\"},{\"@type\":\"Organization\",\"@id\":\"http:\/\/www.embonice.com\/#organization\",\"name\":\"Embonice.com\",\"url\":\"http:\/\/www.embonice.com\/\",\"logo\":{\"@type\":\"ImageObject\",\"inLanguage\":\"fr-FR\",\"@id\":\"http:\/\/www.embonice.com\/#\/schema\/logo\/image\/\",\"url\":\"https:\/\/www.embonice.com\/wp-content\/uploads\/2024\/04\/cropped-Black-and-White-Minimalist-Wave-Fashion-Logo.png\",\"contentUrl\":\"https:\/\/www.embonice.com\/wp-content\/uploads\/2024\/04\/cropped-Black-and-White-Minimalist-Wave-Fashion-Logo.png\",\"width\":500,\"height\":123,\"caption\":\"Embonice.com\"},\"image\":{\"@id\":\"http:\/\/www.embonice.com\/#\/schema\/logo\/image\/\"}}]}<\/script>\n<!-- \/ Yoast SEO plugin. -->","yoast_head_json":{"title":"La Radiologie Interventionnelle - Embonice.com","robots":{"index":"index","follow":"follow","max-snippet":"max-snippet:-1","max-image-preview":"max-image-preview:large","max-video-preview":"max-video-preview:-1"},"canonical":"https:\/\/www.embonice.com\/index.php\/a-propos\/","og_locale":"fr_FR","og_type":"article","og_title":"La Radiologie Interventionnelle - Embonice.com","og_description":"La radiologie interventionnelle consiste \u00e0 atteindre un organe ou une structure pathologique, en utilisant comme guidage des techniques d\u2019imagerie modernes, en vue de r\u00e9aliser un geste \u00e0 vis\u00e9e diagnostique (ou biopsie, pr\u00e9l\u00e8vement d\u2019un fragment millim\u00e9trique de l\u2019organe avant analyse microscopique) ou th\u00e9rapeutique. Le m\u00e9decin radiologue interventionnel peut atteindre sa cible via l\u2019introduction d\u2019une aiguille directement [&hellip;]","og_url":"https:\/\/www.embonice.com\/index.php\/a-propos\/","og_site_name":"Embonice.com","article_modified_time":"2024-04-25T13:59:47+00:00","twitter_card":"summary_large_image","twitter_misc":{"Dur\u00e9e de lecture estim\u00e9e":"2 minutes"},"schema":{"@context":"https:\/\/schema.org","@graph":[{"@type":"WebPage","@id":"https:\/\/www.embonice.com\/index.php\/a-propos\/","url":"https:\/\/www.embonice.com\/index.php\/a-propos\/","name":"La Radiologie Interventionnelle - Embonice.com","isPartOf":{"@id":"http:\/\/www.embonice.com\/#website"},"datePublished":"2024-04-18T15:22:53+00:00","dateModified":"2024-04-25T13:59:47+00:00","breadcrumb":{"@id":"https:\/\/www.embonice.com\/index.php\/a-propos\/#breadcrumb"},"inLanguage":"fr-FR","potentialAction":[{"@type":"ReadAction","target":["https:\/\/www.embonice.com\/index.php\/a-propos\/"]}]},{"@type":"BreadcrumbList","@id":"https:\/\/www.embonice.com\/index.php\/a-propos\/#breadcrumb","itemListElement":[{"@type":"ListItem","position":1,"name":"Accueil","item":"http:\/\/www.embonice.com\/"},{"@type":"ListItem","position":2,"name":"La Radiologie Interventionnelle"}]},{"@type":"WebSite","@id":"http:\/\/www.embonice.com\/#website","url":"http:\/\/www.embonice.com\/","name":"Embonice.com","description":"Centre de Radiologie Interventionnelle de la ville de Nice","publisher":{"@id":"http:\/\/www.embonice.com\/#organization"},"potentialAction":[{"@type":"SearchAction","target":{"@type":"EntryPoint","urlTemplate":"http:\/\/www.embonice.com\/?s={search_term_string}"},"query-input":"required name=search_term_string"}],"inLanguage":"fr-FR"},{"@type":"Organization","@id":"http:\/\/www.embonice.com\/#organization","name":"Embonice.com","url":"http:\/\/www.embonice.com\/","logo":{"@type":"ImageObject","inLanguage":"fr-FR","@id":"http:\/\/www.embonice.com\/#\/schema\/logo\/image\/","url":"https:\/\/www.embonice.com\/wp-content\/uploads\/2024\/04\/cropped-Black-and-White-Minimalist-Wave-Fashion-Logo.png","contentUrl":"https:\/\/www.embonice.com\/wp-content\/uploads\/2024\/04\/cropped-Black-and-White-Minimalist-Wave-Fashion-Logo.png","width":500,"height":123,"caption":"Embonice.com"},"image":{"@id":"http:\/\/www.embonice.com\/#\/schema\/logo\/image\/"}}]}},"_links":{"self":[{"href":"https:\/\/www.embonice.com\/index.php\/wp-json\/wp\/v2\/pages\/13","targetHints":{"allow":["GET"]}}],"collection":[{"href":"https:\/\/www.embonice.com\/index.php\/wp-json\/wp\/v2\/pages"}],"about":[{"href":"https:\/\/www.embonice.com\/index.php\/wp-json\/wp\/v2\/types\/page"}],"author":[{"embeddable":true,"href":"https:\/\/www.embonice.com\/index.php\/wp-json\/wp\/v2\/users\/1"}],"replies":[{"embeddable":true,"href":"https:\/\/www.embonice.com\/index.php\/wp-json\/wp\/v2\/comments?post=13"}],"version-history":[{"count":5,"href":"https:\/\/www.embonice.com\/index.php\/wp-json\/wp\/v2\/pages\/13\/revisions"}],"predecessor-version":[{"id":366,"href":"https:\/\/www.embonice.com\/index.php\/wp-json\/wp\/v2\/pages\/13\/revisions\/366"}],"wp:attachment":[{"href":"https:\/\/www.embonice.com\/index.php\/wp-json\/wp\/v2\/media?parent=13"}],"curies":[{"name":"wp","href":"https:\/\/api.w.org\/{rel}","templated":true}]}}