{"id":244,"date":"2024-04-25T10:13:46","date_gmt":"2024-04-25T08:13:46","guid":{"rendered":"http:\/\/www.embonice.com\/?page_id=244"},"modified":"2024-04-25T11:23:14","modified_gmt":"2024-04-25T09:23:14","slug":"infiltrations-guidees-par-limagerie","status":"publish","type":"page","link":"https:\/\/www.embonice.com\/index.php\/infiltrations-guidees-par-limagerie\/","title":{"rendered":"Infiltrations guid\u00e9es par l&rsquo;imagerie"},"content":{"rendered":"\t\t<div data-elementor-type=\"wp-page\" data-elementor-id=\"244\" class=\"elementor elementor-244\">\n\t\t\t\t<div class=\"elementor-element elementor-element-fb696ca e-flex e-con-boxed e-con e-parent\" data-id=\"fb696ca\" data-element_type=\"container\">\n\t\t\t\t\t<div class=\"e-con-inner\">\n\t\t<div class=\"elementor-element elementor-element-e3fdcae e-con-full e-flex e-con e-child\" data-id=\"e3fdcae\" data-element_type=\"container\">\n\t\t\t\t<div class=\"elementor-element elementor-element-8e4b769 elementor-widget elementor-widget-text-editor\" data-id=\"8e4b769\" data-element_type=\"widget\" data-widget_type=\"text-editor.default\">\n\t\t\t\t<div class=\"elementor-widget-container\">\n\t\t\t\t\t\t\t\t\t<p style=\"margin-top: 1.25em; margin-bottom: 1.25em; border-style: solid; border-color: #e3e3e3; font-variant-ligatures: normal; font-variant-caps: normal; font-family: S\u00f6hne, ui-sans-serif, system-ui, -apple-system, 'Segoe UI', Roboto, Ubuntu, Cantarell, 'Noto Sans', sans-serif, 'Helvetica Neue', Arial, 'Apple Color Emoji', 'Segoe UI Emoji', 'Segoe UI Symbol', 'Noto Color Emoji'; font-size: 16px; font-style: normal; font-weight: 400; white-space-collapse: preserve; --tw-border-spacing-x: 0; --tw-border-spacing-y: 0; --tw-translate-x: 0; --tw-translate-y: 0; --tw-rotate: 0; --tw-skew-x: 0; --tw-skew-y: 0; --tw-scale-x: 1; --tw-scale-y: 1; --tw-scroll-snap-strictness: proximity; --tw-ring-offset-width: 0px; --tw-ring-offset-color: #fff; --tw-ring-color: rgba(69,89,164,.5); --tw-ring-offset-shadow: 0 0 transparent; --tw-ring-shadow: 0 0 transparent; --tw-shadow: 0 0 transparent; --tw-shadow-colored: 0 0 transparent; color: #0d0d0d;\">Les infiltrations guid\u00e9es par l&rsquo;imagerie repr\u00e9sentent une avanc\u00e9e majeure dans le domaine de la m\u00e9decine interventionnelle. Cette technique r\u00e9volutionnaire permet aux m\u00e9decins d&rsquo;administrer des m\u00e9dicaments directement au site de la douleur ou de la pathologie, avec une pr\u00e9cision in\u00e9gal\u00e9e.<\/p>\n<p style=\"margin-top: 1.25em; margin-bottom: 1.25em; border-style: solid; border-color: #e3e3e3; font-variant-ligatures: normal; font-variant-caps: normal; font-family: S\u00f6hne, ui-sans-serif, system-ui, -apple-system, 'Segoe UI', Roboto, Ubuntu, Cantarell, 'Noto Sans', sans-serif, 'Helvetica Neue', Arial, 'Apple Color Emoji', 'Segoe UI Emoji', 'Segoe UI Symbol', 'Noto Color Emoji'; font-size: 16px; font-style: normal; font-weight: 400; white-space-collapse: preserve; --tw-border-spacing-x: 0; --tw-border-spacing-y: 0; --tw-translate-x: 0; --tw-translate-y: 0; --tw-rotate: 0; --tw-skew-x: 0; --tw-skew-y: 0; --tw-scale-x: 1; --tw-scale-y: 1; --tw-scroll-snap-strictness: proximity; --tw-ring-offset-width: 0px; --tw-ring-offset-color: #fff; --tw-ring-color: rgba(69,89,164,.5); --tw-ring-offset-shadow: 0 0 transparent; --tw-ring-shadow: 0 0 transparent; --tw-shadow: 0 0 transparent; --tw-shadow-colored: 0 0 transparent; color: #0d0d0d;\">Gr\u00e2ce \u00e0 l&rsquo;utilisation de diverses modalit\u00e9s d&rsquo;imagerie telles que l&rsquo;\u00e9chographie, la tomodensitom\u00e9trie (TDM) ou l&rsquo;imagerie par r\u00e9sonance magn\u00e9tique (IRM), les praticiens peuvent visualiser en temps r\u00e9el les structures anatomiques cibl\u00e9es, telles que les articulations, les nerfs ou les tissus mous. Cette visualisation en direct permet une localisation pr\u00e9cise de la zone \u00e0 traiter, minimisant ainsi les risques d&rsquo;erreur et garantissant une efficacit\u00e9 maximale du traitement.<\/p>\n<p style=\"margin-top: 1.25em; margin-bottom: 1.25em; border-style: solid; border-color: #e3e3e3; font-variant-ligatures: normal; font-variant-caps: normal; font-family: S\u00f6hne, ui-sans-serif, system-ui, -apple-system, 'Segoe UI', Roboto, Ubuntu, Cantarell, 'Noto Sans', sans-serif, 'Helvetica Neue', Arial, 'Apple Color Emoji', 'Segoe UI Emoji', 'Segoe UI Symbol', 'Noto Color Emoji'; font-size: 16px; font-style: normal; font-weight: 400; white-space-collapse: preserve; --tw-border-spacing-x: 0; --tw-border-spacing-y: 0; --tw-translate-x: 0; --tw-translate-y: 0; --tw-rotate: 0; --tw-skew-x: 0; --tw-skew-y: 0; --tw-scale-x: 1; --tw-scale-y: 1; --tw-scroll-snap-strictness: proximity; --tw-ring-offset-width: 0px; --tw-ring-offset-color: #fff; --tw-ring-color: rgba(69,89,164,.5); --tw-ring-offset-shadow: 0 0 transparent; --tw-ring-shadow: 0 0 transparent; --tw-shadow: 0 0 transparent; --tw-shadow-colored: 0 0 transparent; color: #0d0d0d;\">Les infiltrations guid\u00e9es par l&rsquo;imagerie sont utilis\u00e9es dans une multitude de domaines m\u00e9dicaux, notamment en rhumatologie pour traiter les douleurs articulaires, en neurologie pour soulager les douleurs neuropathiques, et en oncologie pour administrer des m\u00e9dicaments directement aux tumeurs. Cette approche personnalis\u00e9e permet d&rsquo;adapter le traitement aux besoins sp\u00e9cifiques de chaque patient, tout en r\u00e9duisant les effets secondaires ind\u00e9sirables.<\/p>\n<p style=\"margin-top: 1.25em; margin-bottom: 1.25em; border-style: solid; border-color: #e3e3e3; font-variant-ligatures: normal; font-variant-caps: normal; font-family: S\u00f6hne, ui-sans-serif, system-ui, -apple-system, 'Segoe UI', Roboto, Ubuntu, Cantarell, 'Noto Sans', sans-serif, 'Helvetica Neue', Arial, 'Apple Color Emoji', 'Segoe UI Emoji', 'Segoe UI Symbol', 'Noto Color Emoji'; font-size: 16px; font-style: normal; font-weight: 400; white-space-collapse: preserve; --tw-border-spacing-x: 0; --tw-border-spacing-y: 0; --tw-translate-x: 0; --tw-translate-y: 0; --tw-rotate: 0; --tw-skew-x: 0; --tw-skew-y: 0; --tw-scale-x: 1; --tw-scale-y: 1; --tw-scroll-snap-strictness: proximity; --tw-ring-offset-width: 0px; --tw-ring-offset-color: #fff; --tw-ring-color: rgba(69,89,164,.5); --tw-ring-offset-shadow: 0 0 transparent; --tw-ring-shadow: 0 0 transparent; --tw-shadow: 0 0 transparent; --tw-shadow-colored: 0 0 transparent; color: #0d0d0d;\">En plus de leur pr\u00e9cision et de leur efficacit\u00e9, les infiltrations guid\u00e9es par l&rsquo;imagerie offrent l&rsquo;avantage d&rsquo;\u00eatre des proc\u00e9dures peu invasives, r\u00e9alis\u00e9es g\u00e9n\u00e9ralement en ambulatoire. Les patients b\u00e9n\u00e9ficient ainsi de temps de r\u00e9cup\u00e9ration plus courts et peuvent souvent reprendre leurs activit\u00e9s normales d\u00e8s le lendemain du traitement.<\/p>\t\t\t\t\t\t\t\t<\/div>\n\t\t\t\t<\/div>\n\t\t\t\t<\/div>\n\t\t\t\t<div class=\"elementor-element elementor-element-9aa8101 elementor-widget__width-initial elementor-widget elementor-widget-image\" data-id=\"9aa8101\" data-element_type=\"widget\" data-widget_type=\"image.default\">\n\t\t\t\t<div class=\"elementor-widget-container\">\n\t\t\t\t\t\t\t\t\t\t\t\t\t\t\t<img fetchpriority=\"high\" decoding=\"async\" width=\"1024\" height=\"517\" src=\"https:\/\/www.embonice.com\/wp-content\/uploads\/2024\/04\/Insertion-1024x517.webp\" class=\"attachment-large size-large wp-image-258\" alt=\"\" srcset=\"https:\/\/www.embonice.com\/wp-content\/uploads\/2024\/04\/Insertion-1024x517.webp 1024w, https:\/\/www.embonice.com\/wp-content\/uploads\/2024\/04\/Insertion-300x151.webp 300w, https:\/\/www.embonice.com\/wp-content\/uploads\/2024\/04\/Insertion-768x387.webp 768w, https:\/\/www.embonice.com\/wp-content\/uploads\/2024\/04\/Insertion-1536x775.webp 1536w, https:\/\/www.embonice.com\/wp-content\/uploads\/2024\/04\/Insertion.webp 1588w\" sizes=\"(max-width: 1024px) 100vw, 1024px\" \/>\t\t\t\t\t\t\t\t\t\t\t\t\t\t\t<\/div>\n\t\t\t\t<\/div>\n\t\t<div class=\"elementor-element elementor-element-5800c88 e-con-full e-flex e-con e-child\" data-id=\"5800c88\" data-element_type=\"container\">\n\t\t\t\t<\/div>\n\t\t\t\t\t<\/div>\n\t\t\t\t<\/div>\n\t\t<div class=\"elementor-element elementor-element-3fd5b2d e-flex e-con-boxed e-con e-parent\" data-id=\"3fd5b2d\" data-element_type=\"container\">\n\t\t\t\t\t<div class=\"e-con-inner\">\n\t\t<div class=\"elementor-element elementor-element-ea3b045 e-con-full e-flex e-con e-child\" data-id=\"ea3b045\" data-element_type=\"container\">\n\t\t<div class=\"elementor-element elementor-element-fd4a065 e-con-full e-flex e-con e-child\" data-id=\"fd4a065\" data-element_type=\"container\">\n\t\t\t\t<div class=\"elementor-element elementor-element-6075b0b elementor-widget__width-initial elementor-widget elementor-widget-image\" data-id=\"6075b0b\" data-element_type=\"widget\" data-widget_type=\"image.default\">\n\t\t\t\t<div class=\"elementor-widget-container\">\n\t\t\t\t\t\t\t\t\t\t\t\t\t\t\t<img decoding=\"async\" width=\"686\" height=\"660\" src=\"https:\/\/www.embonice.com\/wp-content\/uploads\/2024\/04\/infilt.png\" class=\"attachment-large size-large wp-image-247\" alt=\"\" srcset=\"https:\/\/www.embonice.com\/wp-content\/uploads\/2024\/04\/infilt.png 686w, https:\/\/www.embonice.com\/wp-content\/uploads\/2024\/04\/infilt-300x289.png 300w\" sizes=\"(max-width: 686px) 100vw, 686px\" \/>\t\t\t\t\t\t\t\t\t\t\t\t\t\t\t<\/div>\n\t\t\t\t<\/div>\n\t\t\t\t<\/div>\n\t\t\t\t<\/div>\n\t\t\t\t<div class=\"elementor-element elementor-element-f7e391a elementor-widget elementor-widget-text-editor\" data-id=\"f7e391a\" data-element_type=\"widget\" data-widget_type=\"text-editor.default\">\n\t\t\t\t<div class=\"elementor-widget-container\">\n\t\t\t\t\t\t\t\t\t<p style=\"font-variant-ligatures: normal; font-variant-caps: normal; font-family: Roboto, sans-serif; font-size: 14px; font-style: italic; font-weight: 400;\"><span style=\"font-family: Roboto, sans-serif; font-size: 14px; font-style: italic; font-variant-ligatures: normal; font-variant-caps: normal; font-weight: 400; color: var( --e-global-color-text ); text-align: var(--text-align);\">Gr\u00e2ce au guidage en temps r\u00e9el par le scanner, le m\u00e9decin peut visualiser l&rsquo;aiguille et son trajet sur l&rsquo;\u00e9cran du scanner pendant toute la dur\u00e9e de la proc\u00e9dure. Cela lui permet de s&rsquo;assurer que l&rsquo;aiguille atteint pr\u00e9cis\u00e9ment la cible souhait\u00e9e, minimisant ainsi les risques de complications et garantissant l&rsquo;efficacit\u00e9 du traitement.<\/span><br><\/p>\n<p style=\"font-variant-ligatures: normal; font-variant-caps: normal; font-family: Roboto, sans-serif; font-size: 14px; font-style: italic; font-weight: 400;\">\n<\/p><p style=\"font-variant-ligatures: normal; font-variant-caps: normal; font-family: Roboto, sans-serif; font-size: 14px; font-style: italic; font-weight: 400;\">\n<\/p><p style=\"font-variant-ligatures: normal; font-variant-caps: normal; font-family: Roboto, sans-serif; font-size: 14px; font-style: italic; font-weight: 400;\">Les infiltrations scannoguid\u00e9es du rachis sont utilis\u00e9es pour traiter les lombalgies, les cervicalgies ou les radiculopathies. En injectant des corticost\u00e9ro\u00efdes, des anesth\u00e9siques locaux ou d&rsquo;autres m\u00e9dicaments directement au site de la douleur, cette technique permet de r\u00e9duire l&rsquo;inflammation, d&rsquo;att\u00e9nuer la douleur et de favoriser la gu\u00e9rison des tissus endommag\u00e9s.<\/p>\n<p style=\"font-variant-ligatures: normal; font-variant-caps: normal; font-family: Roboto, sans-serif; font-size: 14px; font-style: italic; font-weight: 400;\">\n<\/p><p style=\"font-variant-ligatures: normal; font-variant-caps: normal; font-family: Roboto, sans-serif; font-size: 14px; font-style: italic; font-weight: 400;\">\n<\/p><p style=\"font-variant-ligatures: normal; font-variant-caps: normal; font-family: Roboto, sans-serif; font-size: 14px; font-style: italic; font-weight: 400;\">Outre leur pr\u00e9cision et leur efficacit\u00e9, les infiltrations scannoguid\u00e9es du rachis offrent l&rsquo;avantage d&rsquo;\u00eatre des proc\u00e9dures relativement rapides et peu invasives. Les patients peuvent souvent ressentir un soulagement imm\u00e9diat ou dans les jours suivant la proc\u00e9dure, ce qui leur permet de reprendre leurs activit\u00e9s quotidiennes avec un minimum d&rsquo;interruption.<\/p>\t\t\t\t\t\t\t\t<\/div>\n\t\t\t\t<\/div>\n\t\t\t\t\t<\/div>\n\t\t\t\t<\/div>\n\t\t\t\t<\/div>\n\t\t","protected":false},"excerpt":{"rendered":"<p>Les infiltrations guid\u00e9es par l&rsquo;imagerie repr\u00e9sentent une avanc\u00e9e majeure dans le domaine de la m\u00e9decine interventionnelle. Cette technique r\u00e9volutionnaire permet aux m\u00e9decins d&rsquo;administrer des m\u00e9dicaments directement au site de la douleur ou de la pathologie, avec une pr\u00e9cision in\u00e9gal\u00e9e. Gr\u00e2ce \u00e0 l&rsquo;utilisation de diverses modalit\u00e9s d&rsquo;imagerie telles que l&rsquo;\u00e9chographie, la tomodensitom\u00e9trie (TDM) ou l&rsquo;imagerie par [&hellip;]<\/p>\n","protected":false},"author":1,"featured_media":0,"parent":0,"menu_order":0,"comment_status":"closed","ping_status":"closed","template":"","meta":{"footnotes":""},"class_list":["post-244","page","type-page","status-publish","hentry","entry"],"yoast_head":"<!-- This site is optimized with the Yoast SEO plugin v22.5 - https:\/\/yoast.com\/wordpress\/plugins\/seo\/ -->\n<title>Infiltrations guid\u00e9es par l&#039;imagerie - Embonice.com<\/title>\n<meta name=\"robots\" content=\"index, follow, max-snippet:-1, max-image-preview:large, max-video-preview:-1\" \/>\n<link rel=\"canonical\" href=\"https:\/\/www.embonice.com\/index.php\/infiltrations-guidees-par-limagerie\/\" \/>\n<meta property=\"og:locale\" content=\"fr_FR\" \/>\n<meta property=\"og:type\" content=\"article\" \/>\n<meta property=\"og:title\" content=\"Infiltrations guid\u00e9es par l&#039;imagerie - Embonice.com\" \/>\n<meta property=\"og:description\" content=\"Les infiltrations guid\u00e9es par l&rsquo;imagerie repr\u00e9sentent une avanc\u00e9e majeure dans le domaine de la m\u00e9decine interventionnelle. Cette technique r\u00e9volutionnaire permet aux m\u00e9decins d&rsquo;administrer des m\u00e9dicaments directement au site de la douleur ou de la pathologie, avec une pr\u00e9cision in\u00e9gal\u00e9e. Gr\u00e2ce \u00e0 l&rsquo;utilisation de diverses modalit\u00e9s d&rsquo;imagerie telles que l&rsquo;\u00e9chographie, la tomodensitom\u00e9trie (TDM) ou l&rsquo;imagerie par [&hellip;]\" \/>\n<meta property=\"og:url\" content=\"https:\/\/www.embonice.com\/index.php\/infiltrations-guidees-par-limagerie\/\" \/>\n<meta property=\"og:site_name\" content=\"Embonice.com\" \/>\n<meta property=\"article:modified_time\" content=\"2024-04-25T09:23:14+00:00\" \/>\n<meta property=\"og:image\" content=\"http:\/\/www.embonice.com\/wp-content\/uploads\/2024\/04\/Insertion-1024x517.webp\" \/>\n<meta name=\"twitter:card\" content=\"summary_large_image\" \/>\n<meta name=\"twitter:label1\" content=\"Dur\u00e9e de lecture estim\u00e9e\" \/>\n\t<meta name=\"twitter:data1\" content=\"3 minutes\" \/>\n<script type=\"application\/ld+json\" class=\"yoast-schema-graph\">{\"@context\":\"https:\/\/schema.org\",\"@graph\":[{\"@type\":\"WebPage\",\"@id\":\"https:\/\/www.embonice.com\/index.php\/infiltrations-guidees-par-limagerie\/\",\"url\":\"https:\/\/www.embonice.com\/index.php\/infiltrations-guidees-par-limagerie\/\",\"name\":\"Infiltrations guid\u00e9es par l'imagerie - Embonice.com\",\"isPartOf\":{\"@id\":\"http:\/\/www.embonice.com\/#website\"},\"primaryImageOfPage\":{\"@id\":\"https:\/\/www.embonice.com\/index.php\/infiltrations-guidees-par-limagerie\/#primaryimage\"},\"image\":{\"@id\":\"https:\/\/www.embonice.com\/index.php\/infiltrations-guidees-par-limagerie\/#primaryimage\"},\"thumbnailUrl\":\"http:\/\/www.embonice.com\/wp-content\/uploads\/2024\/04\/Insertion-1024x517.webp\",\"datePublished\":\"2024-04-25T08:13:46+00:00\",\"dateModified\":\"2024-04-25T09:23:14+00:00\",\"breadcrumb\":{\"@id\":\"https:\/\/www.embonice.com\/index.php\/infiltrations-guidees-par-limagerie\/#breadcrumb\"},\"inLanguage\":\"fr-FR\",\"potentialAction\":[{\"@type\":\"ReadAction\",\"target\":[\"https:\/\/www.embonice.com\/index.php\/infiltrations-guidees-par-limagerie\/\"]}]},{\"@type\":\"ImageObject\",\"inLanguage\":\"fr-FR\",\"@id\":\"https:\/\/www.embonice.com\/index.php\/infiltrations-guidees-par-limagerie\/#primaryimage\",\"url\":\"https:\/\/www.embonice.com\/wp-content\/uploads\/2024\/04\/Insertion.webp\",\"contentUrl\":\"https:\/\/www.embonice.com\/wp-content\/uploads\/2024\/04\/Insertion.webp\",\"width\":1588,\"height\":801},{\"@type\":\"BreadcrumbList\",\"@id\":\"https:\/\/www.embonice.com\/index.php\/infiltrations-guidees-par-limagerie\/#breadcrumb\",\"itemListElement\":[{\"@type\":\"ListItem\",\"position\":1,\"name\":\"Accueil\",\"item\":\"http:\/\/www.embonice.com\/\"},{\"@type\":\"ListItem\",\"position\":2,\"name\":\"Infiltrations guid\u00e9es par l&rsquo;imagerie\"}]},{\"@type\":\"WebSite\",\"@id\":\"http:\/\/www.embonice.com\/#website\",\"url\":\"http:\/\/www.embonice.com\/\",\"name\":\"Embonice.com\",\"description\":\"Centre de Radiologie Interventionnelle de la ville de Nice\",\"publisher\":{\"@id\":\"http:\/\/www.embonice.com\/#organization\"},\"potentialAction\":[{\"@type\":\"SearchAction\",\"target\":{\"@type\":\"EntryPoint\",\"urlTemplate\":\"http:\/\/www.embonice.com\/?s={search_term_string}\"},\"query-input\":\"required name=search_term_string\"}],\"inLanguage\":\"fr-FR\"},{\"@type\":\"Organization\",\"@id\":\"http:\/\/www.embonice.com\/#organization\",\"name\":\"Embonice.com\",\"url\":\"http:\/\/www.embonice.com\/\",\"logo\":{\"@type\":\"ImageObject\",\"inLanguage\":\"fr-FR\",\"@id\":\"http:\/\/www.embonice.com\/#\/schema\/logo\/image\/\",\"url\":\"https:\/\/www.embonice.com\/wp-content\/uploads\/2024\/04\/cropped-Black-and-White-Minimalist-Wave-Fashion-Logo.png\",\"contentUrl\":\"https:\/\/www.embonice.com\/wp-content\/uploads\/2024\/04\/cropped-Black-and-White-Minimalist-Wave-Fashion-Logo.png\",\"width\":500,\"height\":123,\"caption\":\"Embonice.com\"},\"image\":{\"@id\":\"http:\/\/www.embonice.com\/#\/schema\/logo\/image\/\"}}]}<\/script>\n<!-- \/ Yoast SEO plugin. -->","yoast_head_json":{"title":"Infiltrations guid\u00e9es par l'imagerie - Embonice.com","robots":{"index":"index","follow":"follow","max-snippet":"max-snippet:-1","max-image-preview":"max-image-preview:large","max-video-preview":"max-video-preview:-1"},"canonical":"https:\/\/www.embonice.com\/index.php\/infiltrations-guidees-par-limagerie\/","og_locale":"fr_FR","og_type":"article","og_title":"Infiltrations guid\u00e9es par l'imagerie - Embonice.com","og_description":"Les infiltrations guid\u00e9es par l&rsquo;imagerie repr\u00e9sentent une avanc\u00e9e majeure dans le domaine de la m\u00e9decine interventionnelle. Cette technique r\u00e9volutionnaire permet aux m\u00e9decins d&rsquo;administrer des m\u00e9dicaments directement au site de la douleur ou de la pathologie, avec une pr\u00e9cision in\u00e9gal\u00e9e. Gr\u00e2ce \u00e0 l&rsquo;utilisation de diverses modalit\u00e9s d&rsquo;imagerie telles que l&rsquo;\u00e9chographie, la tomodensitom\u00e9trie (TDM) ou l&rsquo;imagerie par [&hellip;]","og_url":"https:\/\/www.embonice.com\/index.php\/infiltrations-guidees-par-limagerie\/","og_site_name":"Embonice.com","article_modified_time":"2024-04-25T09:23:14+00:00","og_image":[{"url":"http:\/\/www.embonice.com\/wp-content\/uploads\/2024\/04\/Insertion-1024x517.webp"}],"twitter_card":"summary_large_image","twitter_misc":{"Dur\u00e9e de lecture estim\u00e9e":"3 minutes"},"schema":{"@context":"https:\/\/schema.org","@graph":[{"@type":"WebPage","@id":"https:\/\/www.embonice.com\/index.php\/infiltrations-guidees-par-limagerie\/","url":"https:\/\/www.embonice.com\/index.php\/infiltrations-guidees-par-limagerie\/","name":"Infiltrations guid\u00e9es par l'imagerie - Embonice.com","isPartOf":{"@id":"http:\/\/www.embonice.com\/#website"},"primaryImageOfPage":{"@id":"https:\/\/www.embonice.com\/index.php\/infiltrations-guidees-par-limagerie\/#primaryimage"},"image":{"@id":"https:\/\/www.embonice.com\/index.php\/infiltrations-guidees-par-limagerie\/#primaryimage"},"thumbnailUrl":"http:\/\/www.embonice.com\/wp-content\/uploads\/2024\/04\/Insertion-1024x517.webp","datePublished":"2024-04-25T08:13:46+00:00","dateModified":"2024-04-25T09:23:14+00:00","breadcrumb":{"@id":"https:\/\/www.embonice.com\/index.php\/infiltrations-guidees-par-limagerie\/#breadcrumb"},"inLanguage":"fr-FR","potentialAction":[{"@type":"ReadAction","target":["https:\/\/www.embonice.com\/index.php\/infiltrations-guidees-par-limagerie\/"]}]},{"@type":"ImageObject","inLanguage":"fr-FR","@id":"https:\/\/www.embonice.com\/index.php\/infiltrations-guidees-par-limagerie\/#primaryimage","url":"https:\/\/www.embonice.com\/wp-content\/uploads\/2024\/04\/Insertion.webp","contentUrl":"https:\/\/www.embonice.com\/wp-content\/uploads\/2024\/04\/Insertion.webp","width":1588,"height":801},{"@type":"BreadcrumbList","@id":"https:\/\/www.embonice.com\/index.php\/infiltrations-guidees-par-limagerie\/#breadcrumb","itemListElement":[{"@type":"ListItem","position":1,"name":"Accueil","item":"http:\/\/www.embonice.com\/"},{"@type":"ListItem","position":2,"name":"Infiltrations guid\u00e9es par l&rsquo;imagerie"}]},{"@type":"WebSite","@id":"http:\/\/www.embonice.com\/#website","url":"http:\/\/www.embonice.com\/","name":"Embonice.com","description":"Centre de Radiologie Interventionnelle de la ville de Nice","publisher":{"@id":"http:\/\/www.embonice.com\/#organization"},"potentialAction":[{"@type":"SearchAction","target":{"@type":"EntryPoint","urlTemplate":"http:\/\/www.embonice.com\/?s={search_term_string}"},"query-input":"required name=search_term_string"}],"inLanguage":"fr-FR"},{"@type":"Organization","@id":"http:\/\/www.embonice.com\/#organization","name":"Embonice.com","url":"http:\/\/www.embonice.com\/","logo":{"@type":"ImageObject","inLanguage":"fr-FR","@id":"http:\/\/www.embonice.com\/#\/schema\/logo\/image\/","url":"https:\/\/www.embonice.com\/wp-content\/uploads\/2024\/04\/cropped-Black-and-White-Minimalist-Wave-Fashion-Logo.png","contentUrl":"https:\/\/www.embonice.com\/wp-content\/uploads\/2024\/04\/cropped-Black-and-White-Minimalist-Wave-Fashion-Logo.png","width":500,"height":123,"caption":"Embonice.com"},"image":{"@id":"http:\/\/www.embonice.com\/#\/schema\/logo\/image\/"}}]}},"_links":{"self":[{"href":"https:\/\/www.embonice.com\/index.php\/wp-json\/wp\/v2\/pages\/244","targetHints":{"allow":["GET"]}}],"collection":[{"href":"https:\/\/www.embonice.com\/index.php\/wp-json\/wp\/v2\/pages"}],"about":[{"href":"https:\/\/www.embonice.com\/index.php\/wp-json\/wp\/v2\/types\/page"}],"author":[{"embeddable":true,"href":"https:\/\/www.embonice.com\/index.php\/wp-json\/wp\/v2\/users\/1"}],"replies":[{"embeddable":true,"href":"https:\/\/www.embonice.com\/index.php\/wp-json\/wp\/v2\/comments?post=244"}],"version-history":[{"count":16,"href":"https:\/\/www.embonice.com\/index.php\/wp-json\/wp\/v2\/pages\/244\/revisions"}],"predecessor-version":[{"id":264,"href":"https:\/\/www.embonice.com\/index.php\/wp-json\/wp\/v2\/pages\/244\/revisions\/264"}],"wp:attachment":[{"href":"https:\/\/www.embonice.com\/index.php\/wp-json\/wp\/v2\/media?parent=244"}],"curies":[{"name":"wp","href":"https:\/\/api.w.org\/{rel}","templated":true}]}}