{"id":266,"date":"2024-04-25T11:42:32","date_gmt":"2024-04-25T09:42:32","guid":{"rendered":"http:\/\/www.embonice.com\/?page_id=266"},"modified":"2025-04-26T14:24:27","modified_gmt":"2025-04-26T12:24:27","slug":"angioplastie-veineuse","status":"publish","type":"page","link":"https:\/\/www.embonice.com\/index.php\/angioplastie-veineuse\/","title":{"rendered":"Angioplastie veineuse"},"content":{"rendered":"\t\t<div data-elementor-type=\"wp-page\" data-elementor-id=\"266\" class=\"elementor elementor-266\">\n\t\t\t\t<div class=\"elementor-element elementor-element-88359ca e-flex e-con-boxed e-con e-parent\" data-id=\"88359ca\" data-element_type=\"container\">\n\t\t\t\t\t<div class=\"e-con-inner\">\n\t\t<div class=\"elementor-element elementor-element-a00155c e-con-full e-flex e-con e-child\" data-id=\"a00155c\" data-element_type=\"container\">\n\t\t\t\t<div class=\"elementor-element elementor-element-ecc5a66 elementor-widget elementor-widget-heading\" data-id=\"ecc5a66\" data-element_type=\"widget\" data-widget_type=\"heading.default\">\n\t\t\t\t<div class=\"elementor-widget-container\">\n\t\t\t\t\t<h2 class=\"elementor-heading-title elementor-size-default\">Introduction<\/h2>\t\t\t\t<\/div>\n\t\t\t\t<\/div>\n\t\t\t\t<div class=\"elementor-element elementor-element-7a3fe2c elementor-widget elementor-widget-text-editor\" data-id=\"7a3fe2c\" data-element_type=\"widget\" data-widget_type=\"text-editor.default\">\n\t\t\t\t<div class=\"elementor-widget-container\">\n\t\t\t\t\t\t\t\t\t<p style=\"border-style: solid; border-color: #e3e3e3; --tw-border-spacing-x: 0; --tw-border-spacing-y: 0; --tw-translate-x: 0; --tw-translate-y: 0; --tw-rotate: 0; --tw-skew-x: 0; --tw-skew-y: 0; --tw-scale-x: 1; --tw-scale-y: 1; --tw-scroll-snap-strictness: proximity; --tw-ring-offset-width: 0px; --tw-ring-offset-color: #fff; --tw-ring-color: rgba(69,89,164,.5); --tw-ring-offset-shadow: 0 0 transparent; --tw-ring-shadow: 0 0 transparent; --tw-shadow: 0 0 transparent; --tw-shadow-colored: 0 0 transparent; margin-top: 1.25em; margin-bottom: 1.25em; color: #0d0d0d; font-family: S\u00f6hne, ui-sans-serif, system-ui, -apple-system, 'Segoe UI', Roboto, Ubuntu, Cantarell, 'Noto Sans', sans-serif, 'Helvetica Neue', Arial, 'Apple Color Emoji', 'Segoe UI Emoji', 'Segoe UI Symbol', 'Noto Color Emoji'; font-size: 16px; font-style: normal; font-variant-ligatures: normal; font-variant-caps: normal; font-weight: 400; white-space-collapse: preserve;\">L&rsquo;angioplastie veineuse est une proc\u00e9dure m\u00e9dicale innovante utilis\u00e9e pour traiter les maladies veineuses, telles que la thrombose veineuse profonde (TVP) ou les varices. Cette technique, qui tire parti des avanc\u00e9es en mati\u00e8re d&rsquo;imagerie m\u00e9dicale et d&rsquo;intervention vasculaire, offre un moyen efficace de restaurer la circulation sanguine normale et de soulager les sympt\u00f4mes associ\u00e9s aux affections veineuses.<\/p><p style=\"border-style: solid; border-color: #e3e3e3; --tw-border-spacing-x: 0; --tw-border-spacing-y: 0; --tw-translate-x: 0; --tw-translate-y: 0; --tw-rotate: 0; --tw-skew-x: 0; --tw-skew-y: 0; --tw-scale-x: 1; --tw-scale-y: 1; --tw-scroll-snap-strictness: proximity; --tw-ring-offset-width: 0px; --tw-ring-offset-color: #fff; --tw-ring-color: rgba(69,89,164,.5); --tw-ring-offset-shadow: 0 0 transparent; --tw-ring-shadow: 0 0 transparent; --tw-shadow: 0 0 transparent; --tw-shadow-colored: 0 0 transparent; margin-top: 1.25em; margin-bottom: 1.25em; color: #0d0d0d; font-family: S\u00f6hne, ui-sans-serif, system-ui, -apple-system, 'Segoe UI', Roboto, Ubuntu, Cantarell, 'Noto Sans', sans-serif, 'Helvetica Neue', Arial, 'Apple Color Emoji', 'Segoe UI Emoji', 'Segoe UI Symbol', 'Noto Color Emoji'; font-size: 16px; font-style: normal; font-variant-ligatures: normal; font-variant-caps: normal; font-weight: 400; white-space-collapse: preserve;\">L&rsquo;angioplastie veineuse consiste g\u00e9n\u00e9ralement en l&rsquo;insertion d&rsquo;un cath\u00e9ter mince dans la veine affect\u00e9e, sous guidage fluoroscopique ou \u00e9chographique. Une fois positionn\u00e9, ce cath\u00e9ter est utilis\u00e9 pour dilater la veine r\u00e9tr\u00e9cie ou obstru\u00e9e \u00e0 l&rsquo;aide d&rsquo;un ballonnet gonflable. Cette dilatation permet de restaurer le flux sanguin normal en \u00e9liminant les obstacles \u00e0 la circulation.<\/p><p style=\"border-style: solid; border-color: #e3e3e3; --tw-border-spacing-x: 0; --tw-border-spacing-y: 0; --tw-translate-x: 0; --tw-translate-y: 0; --tw-rotate: 0; --tw-skew-x: 0; --tw-skew-y: 0; --tw-scale-x: 1; --tw-scale-y: 1; --tw-scroll-snap-strictness: proximity; --tw-ring-offset-width: 0px; --tw-ring-offset-color: #fff; --tw-ring-color: rgba(69,89,164,.5); --tw-ring-offset-shadow: 0 0 transparent; --tw-ring-shadow: 0 0 transparent; --tw-shadow: 0 0 transparent; --tw-shadow-colored: 0 0 transparent; margin-top: 1.25em; margin-bottom: 1.25em; color: #0d0d0d; font-family: S\u00f6hne, ui-sans-serif, system-ui, -apple-system, 'Segoe UI', Roboto, Ubuntu, Cantarell, 'Noto Sans', sans-serif, 'Helvetica Neue', Arial, 'Apple Color Emoji', 'Segoe UI Emoji', 'Segoe UI Symbol', 'Noto Color Emoji'; font-size: 16px; font-style: normal; font-variant-ligatures: normal; font-variant-caps: normal; font-weight: 400; white-space-collapse: preserve;\">Dans certains cas, des dispositifs tels que les stents veineux peuvent \u00eatre utilis\u00e9s pour maintenir la veine ouverte apr\u00e8s l&rsquo;angioplastie, emp\u00eachant ainsi une nouvelle obstruction. Ces stents, fabriqu\u00e9s \u00e0 partir de mat\u00e9riaux biocompatibles, offrent un soutien structurel \u00e0 la paroi veineuse, favorisant ainsi la gu\u00e9rison et r\u00e9duisant le risque de r\u00e9cidive.<\/p><p style=\"border-style: solid; border-color: #e3e3e3; --tw-border-spacing-x: 0; --tw-border-spacing-y: 0; --tw-translate-x: 0; --tw-translate-y: 0; --tw-rotate: 0; --tw-skew-x: 0; --tw-skew-y: 0; --tw-scale-x: 1; --tw-scale-y: 1; --tw-scroll-snap-strictness: proximity; --tw-ring-offset-width: 0px; --tw-ring-offset-color: #fff; --tw-ring-color: rgba(69,89,164,.5); --tw-ring-offset-shadow: 0 0 transparent; --tw-ring-shadow: 0 0 transparent; --tw-shadow: 0 0 transparent; --tw-shadow-colored: 0 0 transparent; margin-top: 1.25em; margin-bottom: 1.25em; color: #0d0d0d; font-family: S\u00f6hne, ui-sans-serif, system-ui, -apple-system, 'Segoe UI', Roboto, Ubuntu, Cantarell, 'Noto Sans', sans-serif, 'Helvetica Neue', Arial, 'Apple Color Emoji', 'Segoe UI Emoji', 'Segoe UI Symbol', 'Noto Color Emoji'; font-size: 16px; font-style: normal; font-variant-ligatures: normal; font-variant-caps: normal; font-weight: 400; white-space-collapse: preserve;\">L&rsquo;angioplastie veineuse pr\u00e9sente plusieurs avantages par rapport aux traitements conventionnels. Tout d&rsquo;abord, elle est moins invasive que la chirurgie traditionnelle, ce qui se traduit par des temps de r\u00e9cup\u00e9ration plus courts et moins de complications postop\u00e9ratoires. De plus, cette proc\u00e9dure peut souvent \u00eatre r\u00e9alis\u00e9e en ambulatoire, ce qui signifie que les patients peuvent rentrer chez eux le jour m\u00eame de l&rsquo;intervention.<\/p><p style=\"border-style: solid; border-color: #e3e3e3; --tw-border-spacing-x: 0; --tw-border-spacing-y: 0; --tw-translate-x: 0; --tw-translate-y: 0; --tw-rotate: 0; --tw-skew-x: 0; --tw-skew-y: 0; --tw-scale-x: 1; --tw-scale-y: 1; --tw-scroll-snap-strictness: proximity; --tw-ring-offset-width: 0px; --tw-ring-offset-color: #fff; --tw-ring-color: rgba(69,89,164,.5); --tw-ring-offset-shadow: 0 0 transparent; --tw-ring-shadow: 0 0 transparent; --tw-shadow: 0 0 transparent; --tw-shadow-colored: 0 0 transparent; margin-top: 1.25em; margin-bottom: 1.25em; color: #0d0d0d; font-family: S\u00f6hne, ui-sans-serif, system-ui, -apple-system, 'Segoe UI', Roboto, Ubuntu, Cantarell, 'Noto Sans', sans-serif, 'Helvetica Neue', Arial, 'Apple Color Emoji', 'Segoe UI Emoji', 'Segoe UI Symbol', 'Noto Color Emoji'; font-size: 16px; font-style: normal; font-variant-ligatures: normal; font-variant-caps: normal; font-weight: 400; white-space-collapse: preserve;\">Cette technique est particuli\u00e8rement efficace pour traiter les varices et les troubles veineux chroniques qui peuvent entra\u00eener des sympt\u00f4mes invalidants tels que des douleurs, des gonflements et des ulc\u00e8res cutan\u00e9s. En dilatant les veines obstru\u00e9es et en restaurant un flux sanguin normal, l&rsquo;angioplastie veineuse permet non seulement de soulager ces sympt\u00f4mes, mais aussi de pr\u00e9venir les complications graves telles que les thromboses et les embolies pulmonaires.<\/p>\t\t\t\t\t\t\t\t<\/div>\n\t\t\t\t<\/div>\n\t\t\t\t<\/div>\n\t\t<div class=\"elementor-element elementor-element-7b94c2a e-con-full e-flex e-con e-child\" data-id=\"7b94c2a\" data-element_type=\"container\">\n\t\t\t\t<div class=\"elementor-element elementor-element-3c42ee7 elementor-widget elementor-widget-image\" data-id=\"3c42ee7\" data-element_type=\"widget\" data-widget_type=\"image.default\">\n\t\t\t\t<div class=\"elementor-widget-container\">\n\t\t\t\t\t\t\t\t\t\t\t\t\t\t\t<img fetchpriority=\"high\" decoding=\"async\" width=\"782\" height=\"575\" src=\"https:\/\/www.embonice.com\/wp-content\/uploads\/2024\/04\/stentvein.png\" class=\"attachment-large size-large wp-image-269\" alt=\"\" srcset=\"https:\/\/www.embonice.com\/wp-content\/uploads\/2024\/04\/stentvein.png 782w, https:\/\/www.embonice.com\/wp-content\/uploads\/2024\/04\/stentvein-300x221.png 300w, https:\/\/www.embonice.com\/wp-content\/uploads\/2024\/04\/stentvein-768x565.png 768w\" sizes=\"(max-width: 782px) 100vw, 782px\" \/>\t\t\t\t\t\t\t\t\t\t\t\t\t\t\t<\/div>\n\t\t\t\t<\/div>\n\t\t\t\t<div class=\"elementor-element elementor-element-e65c0b7 elementor-widget elementor-widget-image\" data-id=\"e65c0b7\" data-element_type=\"widget\" data-widget_type=\"image.default\">\n\t\t\t\t<div class=\"elementor-widget-container\">\n\t\t\t\t\t\t\t\t\t\t\t\t\t\t\t<img decoding=\"async\" src=\"https:\/\/www.embonice.com\/wp-content\/plugins\/elementor\/assets\/images\/placeholder.png\" title=\"\" alt=\"\" loading=\"lazy\" \/>\t\t\t\t\t\t\t\t\t\t\t\t\t\t\t<\/div>\n\t\t\t\t<\/div>\n\t\t\t\t<\/div>\n\t\t\t\t\t<\/div>\n\t\t\t\t<\/div>\n\t\t<div class=\"elementor-element elementor-element-2365573 e-flex e-con-boxed e-con e-parent\" data-id=\"2365573\" data-element_type=\"container\">\n\t\t\t\t\t<div class=\"e-con-inner\">\n\t\t\t\t<div class=\"elementor-element elementor-element-1847e86 elementor-widget elementor-widget-html\" data-id=\"1847e86\" data-element_type=\"widget\" data-widget_type=\"html.default\">\n\t\t\t\t<div class=\"elementor-widget-container\">\n\t\t\t\t\t<input type=\"text\" id=\"question\" placeholder=\"Pose ta question ici...\" style=\"width: 80%; padding: 10px;\" \/>\n<button onclick=\"askChatGPT()\" style=\"padding: 10px 15px;\">Envoyer<\/button>\n<div id=\"response\" style=\"margin-top: 20px; font-size: 18px; white-space: pre-wrap;\"><\/div>\n\n<script>\nasync function askChatGPT() {\n    const question = document.getElementById('question').value;\n    document.getElementById('response').innerText = \"\u23f3 R\u00e9ponse en cours...\";\n\n    const response = await fetch(\"https:\/\/TON_BACKEND_URL\/ask\", {\n      method: \"POST\",\n      headers: { \"Content-Type\": \"application\/json\" },\n      body: JSON.stringify({ question })\n    });\n\n    const data = await response.json();\n    typeWriterEffect(data.answer);\n}\n\nfunction typeWriterEffect(text) {\n    const responseDiv = document.getElementById('response');\n    responseDiv.innerText = \"\";\n    let i = 0;\n    function type() {\n        if (i < text.length) {\n            responseDiv.innerText += text.charAt(i);\n            i++;\n            setTimeout(type, 25);\n        }\n    }\n    type();\n}\n<\/script>\n\t\t\t\t<\/div>\n\t\t\t\t<\/div>\n\t\t\t\t\t<\/div>\n\t\t\t\t<\/div>\n\t\t\t\t<\/div>\n\t\t","protected":false},"excerpt":{"rendered":"<p>Introduction L&rsquo;angioplastie veineuse est une proc\u00e9dure m\u00e9dicale innovante utilis\u00e9e pour traiter les maladies veineuses, telles que la thrombose veineuse profonde (TVP) ou les varices. Cette technique, qui tire parti des avanc\u00e9es en mati\u00e8re d&rsquo;imagerie m\u00e9dicale et d&rsquo;intervention vasculaire, offre un moyen efficace de restaurer la circulation sanguine normale et de soulager les sympt\u00f4mes associ\u00e9s aux [&hellip;]<\/p>\n","protected":false},"author":1,"featured_media":0,"parent":0,"menu_order":0,"comment_status":"closed","ping_status":"closed","template":"","meta":{"footnotes":""},"class_list":["post-266","page","type-page","status-publish","hentry","entry"],"yoast_head":"<!-- This site is optimized with the Yoast SEO plugin v22.5 - https:\/\/yoast.com\/wordpress\/plugins\/seo\/ -->\n<title>Angioplastie veineuse - Embonice.com<\/title>\n<meta name=\"robots\" content=\"index, follow, max-snippet:-1, max-image-preview:large, max-video-preview:-1\" \/>\n<link rel=\"canonical\" href=\"http:\/\/www.embonice.com\/index.php\/angioplastie-veineuse\/\" \/>\n<meta property=\"og:locale\" content=\"fr_FR\" \/>\n<meta property=\"og:type\" content=\"article\" \/>\n<meta property=\"og:title\" content=\"Angioplastie veineuse - Embonice.com\" \/>\n<meta property=\"og:description\" content=\"Introduction L&rsquo;angioplastie veineuse est une proc\u00e9dure m\u00e9dicale innovante utilis\u00e9e pour traiter les maladies veineuses, telles que la thrombose veineuse profonde (TVP) ou les varices. Cette technique, qui tire parti des avanc\u00e9es en mati\u00e8re d&rsquo;imagerie m\u00e9dicale et d&rsquo;intervention vasculaire, offre un moyen efficace de restaurer la circulation sanguine normale et de soulager les sympt\u00f4mes associ\u00e9s aux [&hellip;]\" \/>\n<meta property=\"og:url\" content=\"http:\/\/www.embonice.com\/index.php\/angioplastie-veineuse\/\" \/>\n<meta property=\"og:site_name\" content=\"Embonice.com\" \/>\n<meta property=\"article:modified_time\" content=\"2025-04-26T12:24:27+00:00\" \/>\n<meta property=\"og:image\" content=\"http:\/\/www.embonice.com\/wp-content\/uploads\/2024\/04\/stentvein.png\" \/>\n<meta name=\"twitter:card\" content=\"summary_large_image\" \/>\n<meta name=\"twitter:label1\" content=\"Dur\u00e9e de lecture estim\u00e9e\" \/>\n\t<meta name=\"twitter:data1\" content=\"2 minutes\" \/>\n<script type=\"application\/ld+json\" class=\"yoast-schema-graph\">{\"@context\":\"https:\/\/schema.org\",\"@graph\":[{\"@type\":\"WebPage\",\"@id\":\"http:\/\/www.embonice.com\/index.php\/angioplastie-veineuse\/\",\"url\":\"http:\/\/www.embonice.com\/index.php\/angioplastie-veineuse\/\",\"name\":\"Angioplastie veineuse - Embonice.com\",\"isPartOf\":{\"@id\":\"http:\/\/www.embonice.com\/#website\"},\"primaryImageOfPage\":{\"@id\":\"http:\/\/www.embonice.com\/index.php\/angioplastie-veineuse\/#primaryimage\"},\"image\":{\"@id\":\"http:\/\/www.embonice.com\/index.php\/angioplastie-veineuse\/#primaryimage\"},\"thumbnailUrl\":\"http:\/\/www.embonice.com\/wp-content\/uploads\/2024\/04\/stentvein.png\",\"datePublished\":\"2024-04-25T09:42:32+00:00\",\"dateModified\":\"2025-04-26T12:24:27+00:00\",\"breadcrumb\":{\"@id\":\"http:\/\/www.embonice.com\/index.php\/angioplastie-veineuse\/#breadcrumb\"},\"inLanguage\":\"fr-FR\",\"potentialAction\":[{\"@type\":\"ReadAction\",\"target\":[\"http:\/\/www.embonice.com\/index.php\/angioplastie-veineuse\/\"]}]},{\"@type\":\"ImageObject\",\"inLanguage\":\"fr-FR\",\"@id\":\"http:\/\/www.embonice.com\/index.php\/angioplastie-veineuse\/#primaryimage\",\"url\":\"https:\/\/www.embonice.com\/wp-content\/uploads\/2024\/04\/stentvein.png\",\"contentUrl\":\"https:\/\/www.embonice.com\/wp-content\/uploads\/2024\/04\/stentvein.png\",\"width\":782,\"height\":575},{\"@type\":\"BreadcrumbList\",\"@id\":\"http:\/\/www.embonice.com\/index.php\/angioplastie-veineuse\/#breadcrumb\",\"itemListElement\":[{\"@type\":\"ListItem\",\"position\":1,\"name\":\"Accueil\",\"item\":\"http:\/\/www.embonice.com\/\"},{\"@type\":\"ListItem\",\"position\":2,\"name\":\"Angioplastie veineuse\"}]},{\"@type\":\"WebSite\",\"@id\":\"http:\/\/www.embonice.com\/#website\",\"url\":\"http:\/\/www.embonice.com\/\",\"name\":\"Embonice.com\",\"description\":\"Centre de Radiologie Interventionnelle de la ville de Nice\",\"publisher\":{\"@id\":\"http:\/\/www.embonice.com\/#organization\"},\"potentialAction\":[{\"@type\":\"SearchAction\",\"target\":{\"@type\":\"EntryPoint\",\"urlTemplate\":\"http:\/\/www.embonice.com\/?s={search_term_string}\"},\"query-input\":\"required name=search_term_string\"}],\"inLanguage\":\"fr-FR\"},{\"@type\":\"Organization\",\"@id\":\"http:\/\/www.embonice.com\/#organization\",\"name\":\"Embonice.com\",\"url\":\"http:\/\/www.embonice.com\/\",\"logo\":{\"@type\":\"ImageObject\",\"inLanguage\":\"fr-FR\",\"@id\":\"http:\/\/www.embonice.com\/#\/schema\/logo\/image\/\",\"url\":\"https:\/\/www.embonice.com\/wp-content\/uploads\/2024\/04\/cropped-Black-and-White-Minimalist-Wave-Fashion-Logo.png\",\"contentUrl\":\"https:\/\/www.embonice.com\/wp-content\/uploads\/2024\/04\/cropped-Black-and-White-Minimalist-Wave-Fashion-Logo.png\",\"width\":500,\"height\":123,\"caption\":\"Embonice.com\"},\"image\":{\"@id\":\"http:\/\/www.embonice.com\/#\/schema\/logo\/image\/\"}}]}<\/script>\n<!-- \/ Yoast SEO plugin. -->","yoast_head_json":{"title":"Angioplastie veineuse - Embonice.com","robots":{"index":"index","follow":"follow","max-snippet":"max-snippet:-1","max-image-preview":"max-image-preview:large","max-video-preview":"max-video-preview:-1"},"canonical":"http:\/\/www.embonice.com\/index.php\/angioplastie-veineuse\/","og_locale":"fr_FR","og_type":"article","og_title":"Angioplastie veineuse - Embonice.com","og_description":"Introduction L&rsquo;angioplastie veineuse est une proc\u00e9dure m\u00e9dicale innovante utilis\u00e9e pour traiter les maladies veineuses, telles que la thrombose veineuse profonde (TVP) ou les varices. Cette technique, qui tire parti des avanc\u00e9es en mati\u00e8re d&rsquo;imagerie m\u00e9dicale et d&rsquo;intervention vasculaire, offre un moyen efficace de restaurer la circulation sanguine normale et de soulager les sympt\u00f4mes associ\u00e9s aux [&hellip;]","og_url":"http:\/\/www.embonice.com\/index.php\/angioplastie-veineuse\/","og_site_name":"Embonice.com","article_modified_time":"2025-04-26T12:24:27+00:00","og_image":[{"url":"http:\/\/www.embonice.com\/wp-content\/uploads\/2024\/04\/stentvein.png"}],"twitter_card":"summary_large_image","twitter_misc":{"Dur\u00e9e de lecture estim\u00e9e":"2 minutes"},"schema":{"@context":"https:\/\/schema.org","@graph":[{"@type":"WebPage","@id":"http:\/\/www.embonice.com\/index.php\/angioplastie-veineuse\/","url":"http:\/\/www.embonice.com\/index.php\/angioplastie-veineuse\/","name":"Angioplastie veineuse - Embonice.com","isPartOf":{"@id":"http:\/\/www.embonice.com\/#website"},"primaryImageOfPage":{"@id":"http:\/\/www.embonice.com\/index.php\/angioplastie-veineuse\/#primaryimage"},"image":{"@id":"http:\/\/www.embonice.com\/index.php\/angioplastie-veineuse\/#primaryimage"},"thumbnailUrl":"http:\/\/www.embonice.com\/wp-content\/uploads\/2024\/04\/stentvein.png","datePublished":"2024-04-25T09:42:32+00:00","dateModified":"2025-04-26T12:24:27+00:00","breadcrumb":{"@id":"http:\/\/www.embonice.com\/index.php\/angioplastie-veineuse\/#breadcrumb"},"inLanguage":"fr-FR","potentialAction":[{"@type":"ReadAction","target":["http:\/\/www.embonice.com\/index.php\/angioplastie-veineuse\/"]}]},{"@type":"ImageObject","inLanguage":"fr-FR","@id":"http:\/\/www.embonice.com\/index.php\/angioplastie-veineuse\/#primaryimage","url":"https:\/\/www.embonice.com\/wp-content\/uploads\/2024\/04\/stentvein.png","contentUrl":"https:\/\/www.embonice.com\/wp-content\/uploads\/2024\/04\/stentvein.png","width":782,"height":575},{"@type":"BreadcrumbList","@id":"http:\/\/www.embonice.com\/index.php\/angioplastie-veineuse\/#breadcrumb","itemListElement":[{"@type":"ListItem","position":1,"name":"Accueil","item":"http:\/\/www.embonice.com\/"},{"@type":"ListItem","position":2,"name":"Angioplastie veineuse"}]},{"@type":"WebSite","@id":"http:\/\/www.embonice.com\/#website","url":"http:\/\/www.embonice.com\/","name":"Embonice.com","description":"Centre de Radiologie Interventionnelle de la ville de Nice","publisher":{"@id":"http:\/\/www.embonice.com\/#organization"},"potentialAction":[{"@type":"SearchAction","target":{"@type":"EntryPoint","urlTemplate":"http:\/\/www.embonice.com\/?s={search_term_string}"},"query-input":"required name=search_term_string"}],"inLanguage":"fr-FR"},{"@type":"Organization","@id":"http:\/\/www.embonice.com\/#organization","name":"Embonice.com","url":"http:\/\/www.embonice.com\/","logo":{"@type":"ImageObject","inLanguage":"fr-FR","@id":"http:\/\/www.embonice.com\/#\/schema\/logo\/image\/","url":"https:\/\/www.embonice.com\/wp-content\/uploads\/2024\/04\/cropped-Black-and-White-Minimalist-Wave-Fashion-Logo.png","contentUrl":"https:\/\/www.embonice.com\/wp-content\/uploads\/2024\/04\/cropped-Black-and-White-Minimalist-Wave-Fashion-Logo.png","width":500,"height":123,"caption":"Embonice.com"},"image":{"@id":"http:\/\/www.embonice.com\/#\/schema\/logo\/image\/"}}]}},"_links":{"self":[{"href":"https:\/\/www.embonice.com\/index.php\/wp-json\/wp\/v2\/pages\/266","targetHints":{"allow":["GET"]}}],"collection":[{"href":"https:\/\/www.embonice.com\/index.php\/wp-json\/wp\/v2\/pages"}],"about":[{"href":"https:\/\/www.embonice.com\/index.php\/wp-json\/wp\/v2\/types\/page"}],"author":[{"embeddable":true,"href":"https:\/\/www.embonice.com\/index.php\/wp-json\/wp\/v2\/users\/1"}],"replies":[{"embeddable":true,"href":"https:\/\/www.embonice.com\/index.php\/wp-json\/wp\/v2\/comments?post=266"}],"version-history":[{"count":8,"href":"https:\/\/www.embonice.com\/index.php\/wp-json\/wp\/v2\/pages\/266\/revisions"}],"predecessor-version":[{"id":492,"href":"https:\/\/www.embonice.com\/index.php\/wp-json\/wp\/v2\/pages\/266\/revisions\/492"}],"wp:attachment":[{"href":"https:\/\/www.embonice.com\/index.php\/wp-json\/wp\/v2\/media?parent=266"}],"curies":[{"name":"wp","href":"https:\/\/api.w.org\/{rel}","templated":true}]}}